{"id":4335,"date":"2020-10-21T22:38:10","date_gmt":"2020-10-21T20:38:10","guid":{"rendered":"https:\/\/rebrainclinic.com\/home\/"},"modified":"2024-02-09T17:48:33","modified_gmt":"2024-02-09T16:48:33","slug":"home","status":"publish","type":"page","link":"https:\/\/rebrainclinic.com\/en\/","title":{"rendered":"Home"},"content":{"rendered":"<div class=\"fusion-fullwidth fullwidth-box fusion-builder-row-1 nonhundred-percent-fullwidth non-hundred-percent-height-scrolling\" style=\"--awb-border-radius-top-left:0px;--awb-border-radius-top-right:0px;--awb-border-radius-bottom-right:0px;--awb-border-radius-bottom-left:0px;--awb-margin-top:70px;--awb-flex-wrap:wrap;\" ><div class=\"fusion-builder-row fusion-row\"><div class=\"fusion-layout-column fusion_builder_column fusion-builder-column-0 fusion_builder_column_1_1 1_1 fusion-one-full fusion-column-first fusion-column-last\" style=\"--awb-bg-size:cover;\"><div class=\"fusion-column-wrapper fusion-column-has-shadow fusion-flex-column-wrapper-legacy\"><div class=\"fusion-title title fusion-title-1 fusion-sep-none fusion-title-center fusion-title-text fusion-title-size-one\" style=\"--awb-text-color:#ffffff;--awb-margin-top:100px;--awb-font-size:10px;\"><h1 class=\"fusion-title-heading title-heading-center fusion-responsive-typography-calculated\" style=\"margin:0;font-size:1em;--fontSize:10;--minFontSize:10;line-height:1.16;\"><h1>REbrain Clinic. Your specialist in concussion, whiplash neck injury and mental trauma<\/h1><\/h1><\/div><div class=\"fusion-clearfix\"><\/div><\/div><\/div><\/div><\/div><div class=\"fusion-fullwidth fullwidth-box fusion-builder-row-2 has-pattern-background has-mask-background nonhundred-percent-fullwidth non-hundred-percent-height-scrolling fusion-equal-height-columns\" style=\"--awb-border-sizes-top:0px;--awb-border-sizes-bottom:0px;--awb-border-sizes-left:0px;--awb-border-sizes-right:0px;--awb-border-radius-top-left:0px;--awb-border-radius-top-right:0px;--awb-border-radius-bottom-right:0px;--awb-border-radius-bottom-left:0px;--awb-flex-wrap:wrap;\" ><div class=\"fusion-builder-row fusion-row\"><div class=\"fusion-layout-column fusion_builder_column fusion-builder-column-1 fusion_builder_column_1_3 1_3 fusion-one-third fusion-column-first fusion-column-inner-bg-wrapper\" style=\"--awb-padding-bottom:20px;--awb-inner-bg-color:#36607b;--awb-inner-bg-color-hover:#36607b;--awb-inner-bg-size:cover;--awb-margin-top:30px;width:33.333333333333%;width:calc(33.333333333333% - ( ( 4% + 4% ) * 0.33333333333333 ) );margin-right: 4%;\"><span class=\"fusion-column-inner-bg hover-type-none\"><a class=\"fusion-column-anchor\" href=\"https:\/\/rebrainclinic.com\/en\/brain-injury-rehab-consultant\/\"><span class=\"fusion-column-inner-bg-image\"><\/span><\/a><\/span><div class=\"fusion-column-wrapper fusion-column-has-shadow fusion-flex-column-wrapper-legacy\"><div class=\"fusion-fa-align-center\"><i class=\"fb-icon-element-1 fb-icon-element fontawesome-icon fa-arrow-right fas circle-yes\" style=\"--awb-circlecolor:rgba(74,78,87,0);--awb-circlecolor-hover:rgba(101,188,123,0);--awb-circlebordercolor:rgba(74,78,87,0);--awb-circlebordercolor-hover:rgba(101,188,123,0);--awb-circlebordersize:1px;--awb-font-size:28.16px;--awb-width:56.32px;--awb-height:56.32px;--awb-line-height:54.32px;\"><\/i><\/div><div class=\"fusion-text fusion-text-1\"><p style=\"text-align: center;\">CHRONIC CONCUSSION?<br \/>\nNECK INJURY?<\/p>\n<p style=\"text-align: center;\">Diagnosis and treatment by leading<br \/>\ninternational private doctors<\/p>\n<p style=\"text-align: center;\">&#8216;EXTRA STEPS&#8217; CONCEPT<\/p>\n<\/div><div class=\"fusion-image-element fusion-image-align-right in-legacy-container\" style=\"text-align:right;--awb-caption-title-font-family:var(--h2_typography-font-family);--awb-caption-title-font-weight:var(--h2_typography-font-weight);--awb-caption-title-font-style:var(--h2_typography-font-style);--awb-caption-title-size:var(--h2_typography-font-size);--awb-caption-title-transform:var(--h2_typography-text-transform);--awb-caption-title-line-height:var(--h2_typography-line-height);--awb-caption-title-letter-spacing:var(--h2_typography-letter-spacing);\"><span class=\" fusion-imageframe imageframe-none imageframe-1 hover-type-none\" style=\"margin-left:25px;float:right;\"><img decoding=\"async\" width=\"400\" height=\"225\" alt=\"Meet the specialists online from home \" title=\"specialists\" src=\"https:\/\/rebrainclinic.com\/wp-content\/uploads\/2020\/07\/specialister.jpg\" class=\"img-responsive wp-image-3112\"\/><\/span><\/div><div class=\"fusion-clearfix\"><\/div><\/div><\/div><div class=\"fusion-layout-column fusion_builder_column fusion-builder-column-2 fusion_builder_column_1_3 1_3 fusion-one-third fusion-column-inner-bg-wrapper\" style=\"--awb-inner-bg-color:#36607b;--awb-inner-bg-color-hover:#36607b;--awb-inner-bg-size:cover;--awb-margin-top:30px;width:33.333333333333%;width:calc(33.333333333333% - ( ( 4% + 4% ) * 0.33333333333333 ) );margin-right: 4%;\"><span class=\"fusion-column-inner-bg hover-type-none\"><a class=\"fusion-column-anchor\" href=\"https:\/\/rebrainclinic.com\/en\/brain-health\/\"><span class=\"fusion-column-inner-bg-image\"><\/span><\/a><\/span><div class=\"fusion-column-wrapper fusion-column-has-shadow fusion-flex-column-wrapper-legacy\"><div class=\"fusion-fa-align-center\"><i class=\"fb-icon-element-2 fb-icon-element fontawesome-icon fa-arrow-right fas circle-yes\" style=\"--awb-circlecolor:rgba(74,78,87,0);--awb-circlecolor-hover:rgba(101,188,123,0);--awb-circlebordercolor:rgba(74,78,87,0);--awb-circlebordercolor-hover:rgba(101,188,123,0);--awb-circlebordersize:1px;--awb-font-size:28.16px;--awb-width:56.32px;--awb-height:56.32px;--awb-line-height:54.32px;\"><\/i><\/div><div class=\"fusion-text fusion-text-2\"><div style=\"text-align: center;\">\n<p><b><span data-contrast=\"auto\">RECENT CONCUSSION?<br \/>\nPOOR MEMORY? FOCUS?\u00a0<\/span><\/b><span data-ccp-props=\"{\"><br \/>\n<\/span>Optimize healing conditions by<br \/>\nchanging your daily habits<br \/>\n1:1 online advise<\/p>\n<p><strong>BRAIN HEALTH BASIC<\/strong><\/p>\n<\/div>\n<\/div><div class=\"fusion-image-element fusion-image-align-right in-legacy-container\" style=\"text-align:right;--awb-caption-title-font-family:var(--h2_typography-font-family);--awb-caption-title-font-weight:var(--h2_typography-font-weight);--awb-caption-title-font-style:var(--h2_typography-font-style);--awb-caption-title-size:var(--h2_typography-font-size);--awb-caption-title-transform:var(--h2_typography-text-transform);--awb-caption-title-line-height:var(--h2_typography-line-height);--awb-caption-title-letter-spacing:var(--h2_typography-letter-spacing);\"><span class=\" fusion-imageframe imageframe-none imageframe-2 hover-type-none\" style=\"margin-left:25px;float:right;\"><img decoding=\"async\" width=\"400\" height=\"225\" alt=\"Brain healthy diet with healthy carbs instead of fast carbs\" title=\"brainfood\" src=\"https:\/\/rebrainclinic.com\/wp-content\/uploads\/2020\/07\/hjernemad.jpg\" class=\"img-responsive wp-image-3108\"\/><\/span><\/div><div class=\"fusion-clearfix\"><\/div><\/div><\/div><div class=\"fusion-layout-column fusion_builder_column fusion-builder-column-3 fusion_builder_column_1_3 1_3 fusion-one-third fusion-column-last fusion-column-inner-bg-wrapper\" style=\"--awb-inner-bg-color:#36607b;--awb-inner-bg-color-hover:#36607b;--awb-inner-bg-size:cover;--awb-margin-top:30px;width:33.333333333333%;width:calc(33.333333333333% - ( ( 4% + 4% ) * 0.33333333333333 ) );\"><span class=\"fusion-column-inner-bg hover-type-none\"><a class=\"fusion-column-anchor\" href=\"https:\/\/rebrainclinic.com\/en\/about-founder-marianne-sandberg\/\"><span class=\"fusion-column-inner-bg-image\"><\/span><\/a><\/span><div class=\"fusion-column-wrapper fusion-column-has-shadow fusion-flex-column-wrapper-legacy\"><div class=\"fusion-fa-align-center\"><i class=\"fb-icon-element-3 fb-icon-element fontawesome-icon fa-arrow-right fas circle-yes\" style=\"--awb-circlecolor:rgba(74,78,87,0);--awb-circlecolor-hover:rgba(101,188,123,0);--awb-circlebordercolor:rgba(74,78,87,0);--awb-circlebordercolor-hover:rgba(101,188,123,0);--awb-circlebordersize:1px;--awb-font-size:28.16px;--awb-width:56.32px;--awb-height:56.32px;--awb-line-height:54.32px;\"><\/i><\/div><div class=\"fusion-text fusion-text-3\"><p style=\"text-align: center;\">STRUGGLE FOR FAMILY<\/p>\n<p style=\"text-align: center;\">How a family concussion led<br \/>\nto scientific studies in biology,<br \/>\nmedicine and AI, and an<\/p>\n<p style=\"text-align: center;\">ONLINE INTERNATIONAL CLINIC<\/p>\n<\/div><div class=\"fusion-image-element fusion-image-align-right in-legacy-container\" style=\"text-align:right;--awb-caption-title-font-family:var(--h2_typography-font-family);--awb-caption-title-font-weight:var(--h2_typography-font-weight);--awb-caption-title-font-style:var(--h2_typography-font-style);--awb-caption-title-size:var(--h2_typography-font-size);--awb-caption-title-transform:var(--h2_typography-text-transform);--awb-caption-title-line-height:var(--h2_typography-line-height);--awb-caption-title-letter-spacing:var(--h2_typography-letter-spacing);\"><span class=\" fusion-imageframe imageframe-none imageframe-3 hover-type-none\" style=\"margin-left:25px;float:right;\"><img decoding=\"async\" width=\"400\" height=\"225\" alt=\"Founder Marianne Sandberg\" title=\"Marianne Sandberg\" src=\"https:\/\/rebrainclinic.com\/wp-content\/uploads\/2023\/09\/stifter1.jpg\" class=\"img-responsive wp-image-5184\"\/><\/span><\/div><div class=\"fusion-clearfix\"><\/div><\/div><\/div><\/div><\/div><div class=\"fusion-fullwidth fullwidth-box fusion-builder-row-3 nonhundred-percent-fullwidth non-hundred-percent-height-scrolling\" style=\"--awb-border-radius-top-left:0px;--awb-border-radius-top-right:0px;--awb-border-radius-bottom-right:0px;--awb-border-radius-bottom-left:0px;--awb-flex-wrap:wrap;\" ><div class=\"fusion-builder-row fusion-row\"><div class=\"fusion-layout-column fusion_builder_column fusion-builder-column-4 fusion_builder_column_1_1 1_1 fusion-one-full fusion-column-first fusion-column-last\" style=\"--awb-bg-size:cover;\"><div class=\"fusion-column-wrapper fusion-column-has-shadow fusion-flex-column-wrapper-legacy\"><div class=\"fusion-sep-clear\"><\/div><div class=\"fusion-separator fusion-full-width-sep\" style=\"margin-left: auto;margin-right: auto;margin-top:60px;width:100%;\"><\/div><div class=\"fusion-sep-clear\"><\/div><div class=\"fusion-text fusion-text-4\"><h2 class=\"fusion-responsive-typography-calculated\" style=\"text-align: center; --fontsize: 35; line-height: 1.2;\" data-fontsize=\"35\" data-lineheight=\"42px\"><span class=\"TextRun BCX2 SCXW51055676\" lang=\"EN-GB\" xml:lang=\"EN-GB\" data-contrast=\"auto\"><span class=\"NormalTextRun BCX2 SCXW51055676\">WE HELP YOU GET THE HELP YOU NEED!<\/span><\/span><\/h2>\n<\/div><div class=\"fusion-sep-clear\"><\/div><div class=\"fusion-separator fusion-full-width-sep\" style=\"margin-left: auto;margin-right: auto;margin-bottom:30px;width:100%;\"><\/div><div class=\"fusion-sep-clear\"><\/div><div class=\"fusion-sep-clear\"><\/div><div class=\"fusion-separator fusion-full-width-sep\" style=\"margin-left: auto;margin-right: auto;margin-bottom:30px;width:100%;\"><\/div><div class=\"fusion-sep-clear\"><\/div><div class=\"fusion-sep-clear\"><\/div><div class=\"fusion-separator\" style=\"margin-left: auto;margin-right: auto;width:100%;max-width:200px;\"><div class=\"fusion-separator-border sep-single sep-solid\" style=\"--awb-height:20px;--awb-amount:20px;--awb-sep-color:#ffffff;border-color:#ffffff;border-top-width:3px;\"><\/div><\/div><div class=\"fusion-sep-clear\"><\/div><div class=\"fusion-sep-clear\"><\/div><div class=\"fusion-separator fusion-full-width-sep\" style=\"margin-left: auto;margin-right: auto;margin-bottom:30px;width:100%;\"><\/div><div class=\"fusion-sep-clear\"><\/div><div class=\"fusion-text fusion-text-5\"><p style=\"text-align: center;\">REbrain Clinic helps you recover from brain, neck, and mental traumas.<br \/>\nIf you have chronic illness, we can help by offering clarity on the condition and planning longer international courses of diagnosis and therapy by top specialists in private settings. We excel at identifying overlooked injuries and ensuring correct diagnosis. We\u2019ve successfully helped several people back at work even 2-10 years after their trauma.<\/p>\n<p style=\"text-align: center;\">Our university-educated counselors are medically certified in brain health in the USA. We also help you make lifestyle changes to create the best conditions for healing, optimally to prevent chronicity.<\/p>\n<\/div><div class=\"fusion-aligncenter\"><a class=\"fusion-button button-flat fusion-button-default-size button-default fusion-button-default button-1 fusion-button-default-span fusion-button-default-type\" target=\"_self\" href=\"https:\/\/system.easypractice.net\/book\/rebrain-clinic\"><span class=\"fusion-button-text\">Book online now <\/span><\/a><\/div><div class=\"fusion-clearfix\"><\/div><\/div><\/div><\/div><\/div>\n","protected":false},"excerpt":{"rendered":"","protected":false},"author":3,"featured_media":0,"parent":0,"menu_order":0,"comment_status":"closed","ping_status":"open","template":"100-width.php","meta":{"footnotes":""},"yoast_head":"<!-- This site is optimized with the Yoast SEO plugin v21.9.1 - https:\/\/yoast.com\/wordpress\/plugins\/seo\/ -->\n<title>Daglig online hj\u00e6lp n\u00e5r skaden er sket. Hj\u00e6lp til st\u00f8rre udredning af kroniske skader.<\/title>\n<meta name=\"description\" content=\"Har du hjernerystelse, whiplash-skade, mentalt traume? F\u00e5 online hj\u00e6lp i daglidagen for optimal heling. Internationale forl\u00f8b med f\u00f8rende specialister. REbrain Clinic.\" \/>\n<meta name=\"robots\" content=\"index, follow, max-snippet:-1, max-image-preview:large, max-video-preview:-1\" \/>\n<link rel=\"canonical\" href=\"https:\/\/rebrainclinic.com\/en\/\" \/>\n<meta property=\"og:locale\" content=\"en_US\" \/>\n<meta property=\"og:type\" content=\"article\" \/>\n<meta property=\"og:title\" content=\"Daglig online hj\u00e6lp n\u00e5r skaden er sket. Hj\u00e6lp til st\u00f8rre udredning af kroniske skader.\" \/>\n<meta property=\"og:description\" content=\"Har du hjernerystelse, whiplash-skade, mentalt traume? F\u00e5 online hj\u00e6lp i daglidagen for optimal heling. Internationale forl\u00f8b med f\u00f8rende specialister. REbrain Clinic.\" \/>\n<meta property=\"og:url\" content=\"https:\/\/rebrainclinic.com\/en\/\" \/>\n<meta property=\"og:site_name\" content=\"REbrain Clinic\" \/>\n<meta property=\"article:modified_time\" content=\"2024-02-09T16:48:33+00:00\" \/>\n<meta name=\"twitter:card\" content=\"summary_large_image\" \/>\n<meta name=\"twitter:label1\" content=\"Est. reading time\" \/>\n\t<meta name=\"twitter:data1\" content=\"2 minutes\" \/>\n<script type=\"application\/ld+json\" class=\"yoast-schema-graph\">{\"@context\":\"https:\/\/schema.org\",\"@graph\":[{\"@type\":\"WebPage\",\"@id\":\"https:\/\/rebrainclinic.com\/en\/\",\"url\":\"https:\/\/rebrainclinic.com\/en\/\",\"name\":\"Daglig online hj\u00e6lp n\u00e5r skaden er sket. Hj\u00e6lp til st\u00f8rre udredning af kroniske skader.\",\"isPartOf\":{\"@id\":\"https:\/\/rebrainclinic.com\/en\/#website\"},\"datePublished\":\"2020-10-21T20:38:10+00:00\",\"dateModified\":\"2024-02-09T16:48:33+00:00\",\"description\":\"Har du hjernerystelse, whiplash-skade, mentalt traume? F\u00e5 online hj\u00e6lp i daglidagen for optimal heling. Internationale forl\u00f8b med f\u00f8rende specialister. REbrain Clinic.\",\"breadcrumb\":{\"@id\":\"https:\/\/rebrainclinic.com\/en\/#breadcrumb\"},\"inLanguage\":\"en-US\",\"potentialAction\":[{\"@type\":\"ReadAction\",\"target\":[\"https:\/\/rebrainclinic.com\/en\/\"]}]},{\"@type\":\"BreadcrumbList\",\"@id\":\"https:\/\/rebrainclinic.com\/en\/#breadcrumb\",\"itemListElement\":[{\"@type\":\"ListItem\",\"position\":1,\"name\":\"Home\",\"item\":\"https:\/\/rebrainclinic.com\/en\/\"},{\"@type\":\"ListItem\",\"position\":2,\"name\":\"Home\"}]},{\"@type\":\"WebSite\",\"@id\":\"https:\/\/rebrainclinic.com\/en\/#website\",\"url\":\"https:\/\/rebrainclinic.com\/en\/\",\"name\":\"REbrain Clinic\",\"description\":\"\",\"potentialAction\":[{\"@type\":\"SearchAction\",\"target\":{\"@type\":\"EntryPoint\",\"urlTemplate\":\"https:\/\/rebrainclinic.com\/en\/?s={search_term_string}\"},\"query-input\":\"required name=search_term_string\"}],\"inLanguage\":\"en-US\"}]}<\/script>\n<!-- \/ Yoast SEO plugin. -->","yoast_head_json":{"title":"Daglig online hj\u00e6lp n\u00e5r skaden er sket. Hj\u00e6lp til st\u00f8rre udredning af kroniske skader.","description":"Har du hjernerystelse, whiplash-skade, mentalt traume? F\u00e5 online hj\u00e6lp i daglidagen for optimal heling. Internationale forl\u00f8b med f\u00f8rende specialister. REbrain Clinic.","robots":{"index":"index","follow":"follow","max-snippet":"max-snippet:-1","max-image-preview":"max-image-preview:large","max-video-preview":"max-video-preview:-1"},"canonical":"https:\/\/rebrainclinic.com\/en\/","og_locale":"en_US","og_type":"article","og_title":"Daglig online hj\u00e6lp n\u00e5r skaden er sket. Hj\u00e6lp til st\u00f8rre udredning af kroniske skader.","og_description":"Har du hjernerystelse, whiplash-skade, mentalt traume? F\u00e5 online hj\u00e6lp i daglidagen for optimal heling. Internationale forl\u00f8b med f\u00f8rende specialister. REbrain Clinic.","og_url":"https:\/\/rebrainclinic.com\/en\/","og_site_name":"REbrain Clinic","article_modified_time":"2024-02-09T16:48:33+00:00","twitter_card":"summary_large_image","twitter_misc":{"Est. reading time":"2 minutes"},"schema":{"@context":"https:\/\/schema.org","@graph":[{"@type":"WebPage","@id":"https:\/\/rebrainclinic.com\/en\/","url":"https:\/\/rebrainclinic.com\/en\/","name":"Daglig online hj\u00e6lp n\u00e5r skaden er sket. Hj\u00e6lp til st\u00f8rre udredning af kroniske skader.","isPartOf":{"@id":"https:\/\/rebrainclinic.com\/en\/#website"},"datePublished":"2020-10-21T20:38:10+00:00","dateModified":"2024-02-09T16:48:33+00:00","description":"Har du hjernerystelse, whiplash-skade, mentalt traume? F\u00e5 online hj\u00e6lp i daglidagen for optimal heling. Internationale forl\u00f8b med f\u00f8rende specialister. REbrain Clinic.","breadcrumb":{"@id":"https:\/\/rebrainclinic.com\/en\/#breadcrumb"},"inLanguage":"en-US","potentialAction":[{"@type":"ReadAction","target":["https:\/\/rebrainclinic.com\/en\/"]}]},{"@type":"BreadcrumbList","@id":"https:\/\/rebrainclinic.com\/en\/#breadcrumb","itemListElement":[{"@type":"ListItem","position":1,"name":"Home","item":"https:\/\/rebrainclinic.com\/en\/"},{"@type":"ListItem","position":2,"name":"Home"}]},{"@type":"WebSite","@id":"https:\/\/rebrainclinic.com\/en\/#website","url":"https:\/\/rebrainclinic.com\/en\/","name":"REbrain Clinic","description":"","potentialAction":[{"@type":"SearchAction","target":{"@type":"EntryPoint","urlTemplate":"https:\/\/rebrainclinic.com\/en\/?s={search_term_string}"},"query-input":"required name=search_term_string"}],"inLanguage":"en-US"}]}},"_links":{"self":[{"href":"https:\/\/rebrainclinic.com\/en\/wp-json\/wp\/v2\/pages\/4335"}],"collection":[{"href":"https:\/\/rebrainclinic.com\/en\/wp-json\/wp\/v2\/pages"}],"about":[{"href":"https:\/\/rebrainclinic.com\/en\/wp-json\/wp\/v2\/types\/page"}],"author":[{"embeddable":true,"href":"https:\/\/rebrainclinic.com\/en\/wp-json\/wp\/v2\/users\/3"}],"replies":[{"embeddable":true,"href":"https:\/\/rebrainclinic.com\/en\/wp-json\/wp\/v2\/comments?post=4335"}],"version-history":[{"count":31,"href":"https:\/\/rebrainclinic.com\/en\/wp-json\/wp\/v2\/pages\/4335\/revisions"}],"predecessor-version":[{"id":5459,"href":"https:\/\/rebrainclinic.com\/en\/wp-json\/wp\/v2\/pages\/4335\/revisions\/5459"}],"wp:attachment":[{"href":"https:\/\/rebrainclinic.com\/en\/wp-json\/wp\/v2\/media?parent=4335"}],"curies":[{"name":"wp","href":"https:\/\/api.w.org\/{rel}","templated":true}]}}