{"id":5378,"date":"2024-01-25T23:41:22","date_gmt":"2024-01-25T22:41:22","guid":{"rendered":"https:\/\/rebrainclinic.com\/?page_id=5378"},"modified":"2024-01-27T14:32:20","modified_gmt":"2024-01-27T13:32:20","slug":"om-stifter-2","status":"publish","type":"page","link":"https:\/\/rebrainclinic.com\/dk\/om-stifter-2\/","title":{"rendered":"Om stifter"},"content":{"rendered":"<div class=\"fusion-fullwidth fullwidth-box fusion-builder-row-1 nonhundred-percent-fullwidth non-hundred-percent-height-scrolling\" style=\"--awb-border-radius-top-left:0px;--awb-border-radius-top-right:0px;--awb-border-radius-bottom-right:0px;--awb-border-radius-bottom-left:0px;--awb-margin-top:70px;--awb-flex-wrap:wrap;\" ><div class=\"fusion-builder-row fusion-row\"><div class=\"fusion-layout-column fusion_builder_column fusion-builder-column-0 fusion_builder_column_1_1 1_1 fusion-one-full fusion-column-first fusion-column-last\" style=\"--awb-bg-size:cover;\"><div class=\"fusion-column-wrapper fusion-column-has-shadow fusion-flex-column-wrapper-legacy\"><div class=\"fusion-title title fusion-title-1 fusion-sep-none fusion-title-center fusion-title-text fusion-title-size-one\" style=\"--awb-text-color:#ffffff;--awb-margin-top:100px;--awb-font-size:10px;\"><h1 class=\"fusion-title-heading title-heading-center fusion-responsive-typography-calculated\" style=\"margin:0;font-size:1em;--fontSize:10;--minFontSize:10;line-height:1.16;\"><h1 style=\"text-align: center;\"><span style=\"color: #ffffff;\">Stifters historie<\/span><\/h1><\/h1><\/div><div class=\"fusion-clearfix\"><\/div><\/div><\/div><\/div><\/div><div class=\"fusion-fullwidth fullwidth-box fusion-builder-row-2 add_theme_support( &#039;align-wide&#039; ); nonhundred-percent-fullwidth non-hundred-percent-height-scrolling\" style=\"--link_hover_color: #70cfef;--link_color: #70cfef;--awb-border-radius-top-left:0px;--awb-border-radius-top-right:0px;--awb-border-radius-bottom-right:0px;--awb-border-radius-bottom-left:0px;--awb-background-color:rgba(188,139,116,0);--awb-flex-wrap:wrap;\" ><div class=\"fusion-builder-row fusion-row\"><div class=\"fusion-layout-column fusion_builder_column fusion-builder-column-1 fusion_builder_column_1_1 1_1 fusion-one-full fusion-column-first fusion-column-last\" style=\"--awb-bg-color:rgba(233,30,99,0);--awb-bg-color-hover:rgba(233,30,99,0);--awb-bg-size:cover;\"><div class=\"fusion-column-wrapper fusion-column-has-shadow fusion-flex-column-wrapper-legacy\"><div class=\"fusion-title title fusion-title-2 fusion-sep-none fusion-title-center fusion-title-text fusion-title-size-two\" style=\"--awb-text-color:#ffffff;--awb-margin-top:60px;--awb-margin-bottom:20px;--awb-margin-top-small:30px;\"><h2 class=\"fusion-title-heading title-heading-center fusion-responsive-typography-calculated\" style=\"font-family:&quot;Montserrat&quot;;font-style:normal;font-weight:600;margin:0;--fontSize:35;line-height:1.2;\"><h3 style=\"text-align: center;\">Marianne Sandberg: Jeg g\u00f8r det af taknemmelighed, nysg\u00e6rrighed og et \u00f8nske om at hj\u00e6lpe<\/h3><\/h2><\/div><div class=\"fusion-clearfix\"><\/div><\/div><\/div><div class=\"fusion-layout-column fusion_builder_column fusion-builder-column-2 fusion_builder_column_1_1 1_1 fusion-one-full fusion-column-first fusion-column-last\" style=\"--awb-bg-size:cover;\"><div class=\"fusion-column-wrapper fusion-column-has-shadow fusion-flex-column-wrapper-legacy\"><div class=\"fusion-text fusion-text-1\"><p><span style=\"color: #ffffff;\"><img decoding=\"async\" class=\"wp-image-2239 alignright\" src=\"https:\/\/rebrainclinic.com\/wp-content\/uploads\/2020\/06\/Stifter-Marianne-Sandberg-1.jpg\" alt=\"\" width=\"452\" height=\"437\" \/>Min historie startede helt tilbage, da jeg som to\u00e5rig blev tabt p\u00e5 en trappe. Muligvis er jeg blevet mere uopm\u00e6rksom end andre, for igennem min opv\u00e6kst har jeg f\u00e5et flere hjernerystelser \u2013 blandt andet i forbindelse med ridning. I 1998 et piskesm\u00e6ld ved en trafikulykke. I 2007 en alvorlig hjernerystelse ved en sportsulykke. Det var dr\u00e5ben. Med t\u00e5get, ukoncentreret hjerne, kronisk tr\u00e6thed og nakkesmerter var jeg ude af stand til at passe et almindeligt arbejde. Faldt tidligt om hver aften. Sov ofte om dagen, men tvang mig selv til at motionere og malede. Det gav ro i hovedet.<\/span><\/p>\n<p><span style=\"color: #ffffff;\">Skaden var usynlig p\u00e5 CT- og MR-scanning. Der manglede en diagnose. Fandtes ikke behandling. Men jeg VILLE BARE IKKE GIVE OP.<\/span><\/p>\n<p><span style=\"color: #ffffff;\"> Heldigvis havde jeg arbejdet med videnskabelige forskningsartikler f\u00f8r, s\u00e5 jeg vidste, hvordan jeg skulle unders\u00f8ge, hvad der fandtes om min situation, s\u00e5dan helt ned p\u00e5 celleplan. S\u00e5 jeg begyndte at studere hjerner. I alt blev det til 1500 forskningsartikler indenfor mere end 10 l\u00e6gelige specialer. Undervejs rejste jeg verden rundt for at pr\u00f8ve de nye behandlingsmetoder, som gav mening i forhold til forskningen.<\/span><\/p>\n<p><span style=\"color: #ffffff;\">I 2016 fandt jeg en klinik, som havde forsket i rehabilitering af hjerneskadede amerikanske NFL-fodboldspilllere. Det var en befrielse af f\u00e5 et scanningsbillede af mine hjerneskader. E<\/span><span style=\"color: #ffffff;\">ndelig blev jeg taget seri\u00f8st. Den genopbyggende behandling hjalp mig retur p\u00e5 bare seks m\u00e5neder. Siden 2017 har jeg v\u00e6ret rask og skarp, hvis blot jeg hjernetr\u00e6ner indimellem <\/span><span style=\"color: #ffffff;\">og altid husker kosten. Har siden taget tre kortere uddannelser og arbejder nu fuld tid.<\/span><\/p>\n<p><span style=\"color: #ffffff;\"><img decoding=\"async\" class=\"wp-image-2251 alignleft\" src=\"https:\/\/rebrainclinic.com\/wp-content\/uploads\/2020\/06\/Marianne-Sandberg-f\u00f8r-og-efter-1.jpg\" alt=\"\" width=\"528\" height=\"281\" \/><\/span><\/p>\n<p><span style=\"background-color: rgba(188, 139, 116, 0); font-family: var(--body_typography-font-family); font-size: var(--body_typography-font-size); font-style: var(--body_typography-font-style,normal); font-weight: var(--body_typography-font-weight); letter-spacing: var(--body_typography-letter-spacing);\">I taknemmelighed, over mine gradvise orbedringer, og fordi jeg ville gennemskue de videnskabelige sammenh\u00e6nge, og for hj\u00e6lpe andre til ogs\u00e5 at blive raske, grundlagde jeg i 2014 non-profit-videnskabs-organisationen <\/span><a style=\"background-color: rgba(188, 139, 116, 0); font-family: var(--body_typography-font-family); font-size: var(--body_typography-font-size); font-style: var(--body_typography-font-style,normal); font-weight: var(--body_typography-font-weight); letter-spacing: var(--body_typography-letter-spacing);\" href=\"https:\/\/whipcon.org\/\">WHIPCON.org<\/a><span style=\"background-color: rgba(188, 139, 116, 0); font-family: var(--body_typography-font-family); font-size: var(--body_typography-font-size); font-style: var(--body_typography-font-style,normal); font-weight: var(--body_typography-font-weight); letter-spacing: var(--body_typography-letter-spacing);\">, som har modtaget r\u00e5dgivning af internationalt f\u00f8rende neuroscience forsker. Organisationen argumenterer for ny individuel behandling af hjerne-nakkeskader p\u00e5 grundlag af nye sammenh\u00e6nge fundet med kunstig intelligens anvendt p\u00e5 neuroscience.<\/span><\/p>\n<p><span style=\"color: #ffffff;\">Jeg ville finde de ukendte fysiologiske og biologiske sammenh\u00e6nge, som gjorde, at jeg overhovedet kunne blive rask. Er godt p\u00e5 vej. I dag har jeg gode forbindelser til l\u00e6ger og specialister mange steder i verden.<\/span><\/p>\n<p><span style=\"color: #ffffff;\"><a href=\"https:\/\/whipcon.org\/\">WHIPCON.org<\/a> m\u00e5 ses som et langsigtet projekt.<\/span><\/p>\n<p><span style=\"color: #ffffff;\">i 2020 har jeg stiftet REbrain Clinic ApS for at hj\u00e6lpe andre, som oplever problemer som f\u00f8lge af hjernerystelse, stress med mere &#8211; og for om muligt selv at kunne indg\u00e5 i praktiske kliniske forskningssamarbejder. At \u201df\u00e5 klinikken med\u201d, er en retning, en overl\u00e6ge p\u00e5 Rigshospitalet har opfordret mig til at s\u00f8ge mod. Som en start vil REbrain Clinic dokumentere andelen af mennesker, som kommer retur i job efter langtidssygemelding.<\/span><\/p>\n<p><span style=\"color: #ffffff;\">Vi skal bevise, at det kan lade sig g\u00f8re at blive rask med en bred individuel indsats.<\/span><\/p>\n<p><span style=\"color: #ffffff;\">Marianne Sandberg<\/span><\/p>\n<p><a href=\"https:\/\/rebrainclinic.com\/dk\/om-rebrain-clinic\/\">L\u00e6s om REbrain Clinic<\/a><\/p>\n<\/div><div class=\"fusion-clearfix\"><\/div><\/div><\/div><\/div><\/div><div class=\"fusion-fullwidth fullwidth-box fusion-builder-row-3 add_theme_support( &#039;align-wide&#039; ); nonhundred-percent-fullwidth non-hundred-percent-height-scrolling\" style=\"--link_hover_color: #70cfef;--link_color: #70cfef;--awb-border-radius-top-left:0px;--awb-border-radius-top-right:0px;--awb-border-radius-bottom-right:0px;--awb-border-radius-bottom-left:0px;--awb-background-color:rgba(188,139,116,0);--awb-flex-wrap:wrap;\" ><div class=\"fusion-builder-row fusion-row\"><div class=\"fusion-layout-column fusion_builder_column fusion-builder-column-3 fusion_builder_column_1_1 1_1 fusion-one-full fusion-column-first fusion-column-last\" style=\"--awb-bg-size:cover;\"><div class=\"fusion-column-wrapper fusion-column-has-shadow fusion-flex-column-wrapper-legacy\"><div class=\"fusion-title title fusion-title-3 fusion-sep-none fusion-title-center fusion-title-text fusion-title-size-two\" style=\"--awb-text-color:#ffffff;--awb-margin-top:60px;--awb-margin-bottom:20px;--awb-margin-top-small:30px;\"><h2 class=\"fusion-title-heading title-heading-center fusion-responsive-typography-calculated\" style=\"margin:0;--fontSize:35;line-height:1.2;\"><h2 style=\"text-align: left;\" data-fontsize=\"26\" data-lineheight=\"35.3667px\">Marianne Sandberg &#8211; uddannelse efter relevans<\/h2><\/h2><\/div><div class=\"fusion-text fusion-text-2\"><p><strong>1990<\/strong><br \/>\nUniversitetsuddannelse: Civilingeni\u00f8r K fra DTU, Technical University of Denmark 1990. Master of science (5 \u00e5r), indenfor bioteknologi, biokemi, f\u00f8devarer, cellebiologi, biologiske processer, immunologi, human-fysiologi. Speciale og forskning indenfor anaerob cellemetabolisme (~tarmbakterier).<\/p>\n<p><strong>2017<\/strong><br \/>\nCertificeret til og eksamineret i at undervise i hjernesundhed (brain health) efter undervisningsforl\u00f8b: SPECT hjernescanning. Hjernesundhed og kost i forbindelse med mild traumatisk hjerneskade, ADHD, angst, depression og en r\u00e6kke andre mentale tilstande. Faktorer af betydning for hjernefunktion: Vitaminer, fedtstoffer, hormoner, signalstoffer m.m. Sundhedsanvisninger baseret p\u00e5 100.000+ patientunders\u00f8gelser. The Amen Clinics method (biological-psychological-social-spiritual) fasts\u00e6tter indsatsen ift. resultat af hjernescanning, anamese og laboratorietests. Best\u00e5et eksamen med min. 85% er foruds\u00e6tning for certificering og obligatorisk for alle l\u00e6ger, som underviser i brain health.<\/p>\n<p><strong>2020<\/strong><br \/>\nCertificeret Havening Techniques\u00ae Practitioner 2020, <a href=\"https:\/\/www.havening.org\/\">havening.org<\/a>. Traume-teknik opfundet af l\u00e6gen Ronald Ruden, NYC, 2013.<\/p>\n<\/div><div class=\"fusion-clearfix\"><\/div><\/div><\/div><div class=\"fusion-layout-column fusion_builder_column fusion-builder-column-4 fusion_builder_column_1_1 1_1 fusion-one-full fusion-column-first fusion-column-last\" style=\"--awb-padding-top:15px;--awb-bg-size:cover;\"><div class=\"fusion-column-wrapper fusion-column-has-shadow fusion-flex-column-wrapper-legacy\"><div class=\"fusion-title title fusion-title-4 fusion-sep-none fusion-title-center fusion-title-text fusion-title-size-two\" style=\"--awb-text-color:#ffffff;--awb-margin-top:60px;--awb-margin-bottom:20px;--awb-margin-top-small:30px;\"><h2 class=\"fusion-title-heading title-heading-center fusion-responsive-typography-calculated\" style=\"font-family:&quot;Montserrat&quot;;font-style:normal;font-weight:600;margin:0;--fontSize:35;line-height:1.2;\"><h2 style=\"text-align: left;\" data-fontsize=\"26\" data-lineheight=\"35.3667px\">Relevant erhvervserfaring, kronologisk. <a href=\"https:\/\/www.linkedin.com\/in\/marianne-sandberg-25821915\/\">LinkedIn<\/a><\/h2><\/h2><\/div><div class=\"fusion-text fusion-text-3\"><p><strong>2020-<\/strong><br \/>\nStifter REbrain Clinic ApS<\/p>\n<p><strong>2014-<\/strong><br \/>\n<a href=\"https:\/\/whipcon.org\/\">WHIPCON.org<\/a> Gennemg\u00e5et 1500 originale forsknings-artikler relateret til neuroscience, nakke og hjerneskader og associerede lidelser. S\u00f8gt midler til forskning i mild traumatisk hjerne-nakkeskade.<\/p>\n<p><strong>1995-2001<\/strong><br \/>\nNovo Nordisk. Programansvarlig for Internationalt Type 2 diabetes program. Videnskabelig information samt uddannelse for l\u00e6ger indenfor kost og anden behandling af diabetes og inflammatoriske tilstande.<\/p>\n<\/div><div class=\"fusion-clearfix\"><\/div><\/div><\/div><div class=\"fusion-layout-column fusion_builder_column fusion-builder-column-5 fusion_builder_column_1_1 1_1 fusion-one-full fusion-column-first fusion-column-last\" style=\"--awb-padding-top:15px;--awb-bg-size:cover;\"><div class=\"fusion-column-wrapper fusion-column-has-shadow fusion-flex-column-wrapper-legacy\"><div class=\"fusion-title title fusion-title-5 fusion-sep-none fusion-title-center fusion-title-text fusion-title-size-two\" style=\"--awb-text-color:#ffffff;--awb-margin-top:60px;--awb-margin-bottom:20px;--awb-margin-top-small:30px;\"><h2 class=\"fusion-title-heading title-heading-center fusion-responsive-typography-calculated\" style=\"font-family:&quot;Montserrat&quot;;font-style:normal;font-weight:600;margin:0;--fontSize:35;line-height:1.2;\"><h2 style=\"text-align: left;\" data-fontsize=\"26\" data-lineheight=\"35.3667px\">Kongresser\/faglig opdatering<\/h2>\n<h2 data-fontsize=\"26\" data-lineheight=\"35.3667px\"><\/h2><\/h2><\/div><div class=\"fusion-text fusion-text-4\"><p><strong>2019<\/strong><br \/>\nDigital Health World Congress, 2019, London.<\/p>\n<p><strong>2018<\/strong><br \/>\nSociety for Neuroscience, SFN 48th Annual Meeting, San Diego Nov 2018: International kongres.<\/p>\n<p><strong>2018<\/strong><br \/>\nILLADS Annual Conference, Chicago. Stor International konference om fl\u00e5tb\u00e5ren lidelse, hjernerystede som comorbiditet. Medlem af ILLADS. Infektioner er dog ikke del af REbrain Clinics arbejdsomr\u00e5de.<\/p>\n<p><strong>2017<\/strong><br \/>\n\u201cBrain SPECT Made Simple\u201d January 2017. International conference, Amen Clinics.<\/p>\n<p><strong>2017<\/strong><br \/>\nMy iHealth, Stockholm<\/p>\n<\/div><div class=\"fusion-clearfix\"><\/div><\/div><\/div><\/div><\/div><div class=\"fusion-fullwidth fullwidth-box fusion-builder-row-4 add_theme_support( &#039;align-wide&#039; ); nonhundred-percent-fullwidth non-hundred-percent-height-scrolling\" style=\"--link_hover_color: #70cfef;--link_color: #70cfef;--awb-border-radius-top-left:0px;--awb-border-radius-top-right:0px;--awb-border-radius-bottom-right:0px;--awb-border-radius-bottom-left:0px;--awb-background-color:rgba(188,139,116,0);--awb-flex-wrap:wrap;\" ><div class=\"fusion-builder-row fusion-row\"><div class=\"fusion-layout-column fusion_builder_column fusion-builder-column-6 fusion_builder_column_1_1 1_1 fusion-one-full fusion-column-first fusion-column-last\" style=\"--awb-bg-size:cover;\"><div class=\"fusion-column-wrapper fusion-column-has-shadow fusion-flex-column-wrapper-legacy\"><div class=\"fusion-title title fusion-title-6 fusion-sep-none fusion-title-center fusion-title-text fusion-title-size-two\" style=\"--awb-text-color:#ffffff;--awb-margin-top:60px;--awb-margin-bottom:20px;--awb-margin-top-small:30px;\"><h2 class=\"fusion-title-heading title-heading-center fusion-responsive-typography-calculated\" style=\"font-family:&quot;Montserrat&quot;;font-style:normal;font-weight:600;margin:0;--fontSize:35;line-height:1.2;\"><h2 style=\"text-align: left;\" data-fontsize=\"22\" data-lineheight=\"30.8px\">Relevant forskning (peer reviewed publications)<\/h2>\n<h2 data-fontsize=\"26\" data-lineheight=\"35.3667px\"><\/h2><\/h2><\/div><div class=\"fusion-text fusion-text-5\"><p>Ahring, B.K., Sandberg, M. &amp; Angelidaki, I. Volatile fatty acids as indicators of process imbalance in anaerobic digestors. Appl Microbiol Biotechnol 43, 559\u2013565 (1995). <a href=\"https:\/\/link.springer.com\/article\/10.1007\/BF00218466\">https:\/\/doi.org\/10.1007\/BF00218466 400+ citeringer<\/a><\/p>\n<p>Sandberg, M., Ahring, B.K. Anaerobic treatment of fish meal process waste-water in a UASB reactor at high pH. Appl Microbiol Biotechnol 36, 800\u2013804 (1992). <a href=\"https:\/\/link.springer.com\/article\/10.1007%2FBF00172198\">https:\/\/doi.org\/10.1007\/BF00172198<\/a><\/p>\n<h5 class=\"fusion-responsive-typography-calculated\" style=\"--fontsize: 22; line-height: 1.4; --minfontsize: 22;\" data-fontsize=\"22\" data-lineheight=\"30.8px\">Kommentar:<\/h5>\n<p>Fors\u00f8gene bag begge artikler er verdens f\u00f8rste dokumentation af biomark\u00f8rer for netop de mikrobiologiske processer, som ogs\u00e5 foreg\u00e5r i en mennesketarm (anaerobe). 30 \u00e5r gamle videnskabelige unders\u00f8gelser med stor betydning for forst\u00e5else af tarmfunktionen. REbrain Clinic arbejder ud fra at st\u00f8tte hjernen via tarmen og kosten. Se <a href=\"https:\/\/rebrainclinic.com\/dk\/hjernerigtig-kost-tarm-vagus\/\"> CELLE REHABILITERING &#8220;kost, tarm, celler, vagusnerve&#8221;<br \/>\n<\/a><\/p>\n<\/div><div class=\"fusion-clearfix\"><\/div><\/div><\/div><\/div><\/div>\n","protected":false},"excerpt":{"rendered":"","protected":false},"author":3,"featured_media":0,"parent":0,"menu_order":0,"comment_status":"closed","ping_status":"closed","template":"100-width.php","meta":{"footnotes":""},"yoast_head":"<!-- This site is optimized with the Yoast SEO plugin v21.9.1 - https:\/\/yoast.com\/wordpress\/plugins\/seo\/ -->\n<title>Om stifter Marianne Sandberg - REbrain Clinic<\/title>\n<meta name=\"description\" content=\"Marianne Sandberg er civiingeni\u00f8r, biotech og tidligere forsker i tarmbakterier, nu i hjernevidenskabs-litteratur mens kllienter hj\u00e6lpes hos l\u00e6gelige samarbejdspartnere\" \/>\n<meta name=\"robots\" content=\"index, follow, max-snippet:-1, max-image-preview:large, max-video-preview:-1\" \/>\n<link rel=\"canonical\" href=\"https:\/\/rebrainclinic.com\/dk\/om-stifter-2\/\" \/>\n<meta property=\"og:locale\" content=\"da_DK\" \/>\n<meta property=\"og:type\" content=\"article\" \/>\n<meta property=\"og:title\" content=\"Om stifter Marianne Sandberg - REbrain Clinic\" \/>\n<meta property=\"og:description\" content=\"Marianne Sandberg er civiingeni\u00f8r, biotech og tidligere forsker i tarmbakterier, nu i hjernevidenskabs-litteratur mens kllienter hj\u00e6lpes hos l\u00e6gelige samarbejdspartnere\" \/>\n<meta property=\"og:url\" content=\"https:\/\/rebrainclinic.com\/dk\/om-stifter-2\/\" \/>\n<meta property=\"og:site_name\" content=\"REbrain Clinic\" \/>\n<meta property=\"article:modified_time\" content=\"2024-01-27T13:32:20+00:00\" \/>\n<meta property=\"og:image\" content=\"https:\/\/rebrainclinic.com\/wp-content\/uploads\/2020\/06\/Stifter-Marianne-Sandberg-1.jpg\" \/>\n<meta name=\"twitter:card\" content=\"summary_large_image\" \/>\n<meta name=\"twitter:label1\" content=\"Estimeret l\u00e6setid\" \/>\n\t<meta name=\"twitter:data1\" content=\"5 minutter\" \/>\n<script type=\"application\/ld+json\" class=\"yoast-schema-graph\">{\"@context\":\"https:\/\/schema.org\",\"@graph\":[{\"@type\":\"WebPage\",\"@id\":\"https:\/\/rebrainclinic.com\/dk\/om-stifter-2\/\",\"url\":\"https:\/\/rebrainclinic.com\/dk\/om-stifter-2\/\",\"name\":\"Om stifter Marianne Sandberg - REbrain Clinic\",\"isPartOf\":{\"@id\":\"https:\/\/rebrainclinic.com\/dk\/#website\"},\"datePublished\":\"2024-01-25T22:41:22+00:00\",\"dateModified\":\"2024-01-27T13:32:20+00:00\",\"description\":\"Marianne Sandberg er civiingeni\u00f8r, biotech og tidligere forsker i tarmbakterier, nu i hjernevidenskabs-litteratur mens kllienter hj\u00e6lpes hos l\u00e6gelige samarbejdspartnere\",\"breadcrumb\":{\"@id\":\"https:\/\/rebrainclinic.com\/dk\/om-stifter-2\/#breadcrumb\"},\"inLanguage\":\"da-DK\",\"potentialAction\":[{\"@type\":\"ReadAction\",\"target\":[\"https:\/\/rebrainclinic.com\/dk\/om-stifter-2\/\"]}]},{\"@type\":\"BreadcrumbList\",\"@id\":\"https:\/\/rebrainclinic.com\/dk\/om-stifter-2\/#breadcrumb\",\"itemListElement\":[{\"@type\":\"ListItem\",\"position\":1,\"name\":\"Home\",\"item\":\"https:\/\/rebrainclinic.com\/dk\/\"},{\"@type\":\"ListItem\",\"position\":2,\"name\":\"Om stifter\"}]},{\"@type\":\"WebSite\",\"@id\":\"https:\/\/rebrainclinic.com\/dk\/#website\",\"url\":\"https:\/\/rebrainclinic.com\/dk\/\",\"name\":\"REbrain Clinic\",\"description\":\"\",\"potentialAction\":[{\"@type\":\"SearchAction\",\"target\":{\"@type\":\"EntryPoint\",\"urlTemplate\":\"https:\/\/rebrainclinic.com\/dk\/?s={search_term_string}\"},\"query-input\":\"required name=search_term_string\"}],\"inLanguage\":\"da-DK\"}]}<\/script>\n<!-- \/ Yoast SEO plugin. -->","yoast_head_json":{"title":"Om stifter Marianne Sandberg - REbrain Clinic","description":"Marianne Sandberg er civiingeni\u00f8r, biotech og tidligere forsker i tarmbakterier, nu i hjernevidenskabs-litteratur mens kllienter hj\u00e6lpes hos l\u00e6gelige samarbejdspartnere","robots":{"index":"index","follow":"follow","max-snippet":"max-snippet:-1","max-image-preview":"max-image-preview:large","max-video-preview":"max-video-preview:-1"},"canonical":"https:\/\/rebrainclinic.com\/dk\/om-stifter-2\/","og_locale":"da_DK","og_type":"article","og_title":"Om stifter Marianne Sandberg - REbrain Clinic","og_description":"Marianne Sandberg er civiingeni\u00f8r, biotech og tidligere forsker i tarmbakterier, nu i hjernevidenskabs-litteratur mens kllienter hj\u00e6lpes hos l\u00e6gelige samarbejdspartnere","og_url":"https:\/\/rebrainclinic.com\/dk\/om-stifter-2\/","og_site_name":"REbrain Clinic","article_modified_time":"2024-01-27T13:32:20+00:00","og_image":[{"url":"https:\/\/rebrainclinic.com\/wp-content\/uploads\/2020\/06\/Stifter-Marianne-Sandberg-1.jpg"}],"twitter_card":"summary_large_image","twitter_misc":{"Estimeret l\u00e6setid":"5 minutter"},"schema":{"@context":"https:\/\/schema.org","@graph":[{"@type":"WebPage","@id":"https:\/\/rebrainclinic.com\/dk\/om-stifter-2\/","url":"https:\/\/rebrainclinic.com\/dk\/om-stifter-2\/","name":"Om stifter Marianne Sandberg - REbrain Clinic","isPartOf":{"@id":"https:\/\/rebrainclinic.com\/dk\/#website"},"datePublished":"2024-01-25T22:41:22+00:00","dateModified":"2024-01-27T13:32:20+00:00","description":"Marianne Sandberg er civiingeni\u00f8r, biotech og tidligere forsker i tarmbakterier, nu i hjernevidenskabs-litteratur mens kllienter hj\u00e6lpes hos l\u00e6gelige samarbejdspartnere","breadcrumb":{"@id":"https:\/\/rebrainclinic.com\/dk\/om-stifter-2\/#breadcrumb"},"inLanguage":"da-DK","potentialAction":[{"@type":"ReadAction","target":["https:\/\/rebrainclinic.com\/dk\/om-stifter-2\/"]}]},{"@type":"BreadcrumbList","@id":"https:\/\/rebrainclinic.com\/dk\/om-stifter-2\/#breadcrumb","itemListElement":[{"@type":"ListItem","position":1,"name":"Home","item":"https:\/\/rebrainclinic.com\/dk\/"},{"@type":"ListItem","position":2,"name":"Om stifter"}]},{"@type":"WebSite","@id":"https:\/\/rebrainclinic.com\/dk\/#website","url":"https:\/\/rebrainclinic.com\/dk\/","name":"REbrain Clinic","description":"","potentialAction":[{"@type":"SearchAction","target":{"@type":"EntryPoint","urlTemplate":"https:\/\/rebrainclinic.com\/dk\/?s={search_term_string}"},"query-input":"required name=search_term_string"}],"inLanguage":"da-DK"}]}},"_links":{"self":[{"href":"https:\/\/rebrainclinic.com\/dk\/wp-json\/wp\/v2\/pages\/5378"}],"collection":[{"href":"https:\/\/rebrainclinic.com\/dk\/wp-json\/wp\/v2\/pages"}],"about":[{"href":"https:\/\/rebrainclinic.com\/dk\/wp-json\/wp\/v2\/types\/page"}],"author":[{"embeddable":true,"href":"https:\/\/rebrainclinic.com\/dk\/wp-json\/wp\/v2\/users\/3"}],"replies":[{"embeddable":true,"href":"https:\/\/rebrainclinic.com\/dk\/wp-json\/wp\/v2\/comments?post=5378"}],"version-history":[{"count":4,"href":"https:\/\/rebrainclinic.com\/dk\/wp-json\/wp\/v2\/pages\/5378\/revisions"}],"predecessor-version":[{"id":5389,"href":"https:\/\/rebrainclinic.com\/dk\/wp-json\/wp\/v2\/pages\/5378\/revisions\/5389"}],"wp:attachment":[{"href":"https:\/\/rebrainclinic.com\/dk\/wp-json\/wp\/v2\/media?parent=5378"}],"curies":[{"name":"wp","href":"https:\/\/api.w.org\/{rel}","templated":true}]}}