{"id":3865,"date":"2020-09-24T18:27:06","date_gmt":"2020-09-24T16:27:06","guid":{"rendered":"https:\/\/rebrainclinic.com\/?page_id=3865"},"modified":"2020-10-01T12:36:36","modified_gmt":"2020-10-01T10:36:36","slug":"celle-rehabilitering","status":"publish","type":"page","link":"https:\/\/rebrainclinic.com\/dk\/celle-rehabilitering\/","title":{"rendered":"CELLE REHABilitering"},"content":{"rendered":"<div class=\"fusion-fullwidth fullwidth-box fusion-builder-row-1 nonhundred-percent-fullwidth non-hundred-percent-height-scrolling\" style=\"--awb-border-radius-top-left:0px;--awb-border-radius-top-right:0px;--awb-border-radius-bottom-right:0px;--awb-border-radius-bottom-left:0px;--awb-margin-top:70px;--awb-flex-wrap:wrap;\" ><div class=\"fusion-builder-row fusion-row\"><div class=\"fusion-layout-column fusion_builder_column fusion-builder-column-0 fusion_builder_column_1_1 1_1 fusion-one-full fusion-column-first fusion-column-last\" style=\"--awb-bg-size:cover;\"><div class=\"fusion-column-wrapper fusion-column-has-shadow fusion-flex-column-wrapper-legacy\"><div class=\"fusion-title title fusion-title-1 fusion-sep-none fusion-title-center fusion-title-text fusion-title-size-one\" style=\"--awb-text-color:#ffffff;--awb-margin-top:100px;--awb-font-size:10px;\"><h1 class=\"fusion-title-heading title-heading-center fusion-responsive-typography-calculated\" style=\"margin:0;font-size:1em;--fontSize:10;--minFontSize:10;line-height:1.16;\"><h1 style=\"text-align: center;\">CELLE REHABILITERING<\/h1><\/h1><\/div><div class=\"fusion-clearfix\"><\/div><\/div><\/div><\/div><\/div><div class=\"fusion-fullwidth fullwidth-box fusion-builder-row-2 add_theme_support( &#039;align-wide&#039; ); nonhundred-percent-fullwidth non-hundred-percent-height-scrolling\" style=\"--link_hover_color: #70cfef;--link_color: #70cfef;--awb-border-radius-top-left:0px;--awb-border-radius-top-right:0px;--awb-border-radius-bottom-right:0px;--awb-border-radius-bottom-left:0px;--awb-margin-top:30px;--awb-background-color:#baabb4;--awb-flex-wrap:wrap;\" ><div class=\"fusion-builder-row fusion-row\"><div class=\"fusion-layout-column fusion_builder_column fusion-builder-column-1 fusion_builder_column_1_1 1_1 fusion-one-full fusion-column-first fusion-column-last\" style=\"--awb-bg-size:cover;--awb-margin-top:60px;\"><div class=\"fusion-column-wrapper fusion-column-has-shadow fusion-flex-column-wrapper-legacy\"><div class=\"fusion-title title fusion-title-2 fusion-sep-none fusion-title-text fusion-title-size-one\"><h1 class=\"fusion-title-heading title-heading-left fusion-responsive-typography-calculated\" style=\"margin:0;--fontSize:40;line-height:1.16;\"><h2 style=\"text-align: center;\">CELLE REHABILITRERING<br \/>\n&#8211; hvorfor skal dine celler have det godt?<\/h2><\/h1><\/div><div class=\"fusion-sep-clear\"><\/div><div class=\"fusion-separator\" style=\"margin-left: auto;margin-right: auto;width:100%;max-width:200px;\"><div class=\"fusion-separator-border sep-single sep-solid\" style=\"--awb-height:20px;--awb-amount:20px;--awb-sep-color:#ffffff;border-color:#ffffff;border-top-width:3px;\"><\/div><\/div><div class=\"fusion-sep-clear\"><\/div><div class=\"fusion-sep-clear\"><\/div><div class=\"fusion-separator\" style=\"margin-left: auto;margin-right: auto;margin-bottom:30px;width:100%;max-width:200px;\"><\/div><div class=\"fusion-sep-clear\"><\/div><div class=\"fusion-text fusion-text-1\"><p style=\"text-align: center;\">En menneskekrop best\u00e5r af milliarder af celler, som samarbejder for at kroppens store maskine kan fungere og kan heles efter skade. Organer som hjernen best\u00e5r af celler, immunforsvaret er en h\u00e6r af celler. Din kost nedbrydes i mave\/tarm til byggesten, som agerer som n\u00f8dvendig \u201dbenzin eller olie\u201d p\u00e5 ALLE dine celler.<\/p>\n<p style=\"text-align: center;\"><span style=\"color: var(--body_typography-color); font-family: var(--body_typography-font-family); font-size: var(--body_typography-font-size); font-style: var(--body_typography-font-style,normal); font-weight: var(--body_typography-font-weight); letter-spacing: var(--body_typography-letter-spacing);\">Forkert eller ensidig kost f\u00f8rer til, at cellerne i din krop\/hjerne mangler de sm\u00e5 byggesten, som de skal bruge for at v\u00e6re gode soldater. <\/span><span style=\"color: var(--body_typography-color); font-family: var(--body_typography-font-family); font-size: var(--body_typography-font-size); font-style: var(--body_typography-font-style,normal); font-weight: var(--body_typography-font-weight); letter-spacing: var(--body_typography-letter-spacing);\">Da virker immunforsvaret ikke. Eller der kan v\u00e6re bestemte processer som ikke virker. M\u00e5ske nogle af vigtighed for din hjernes funktion. Hvis tarmen eller hjernen mangler byggesten til sine processer, kan hjernen ikke fungere optimalt &#8211; og heles ikke ordentligt efter skade.<\/span><\/p>\n<\/div><div class=\"fusion-clearfix\"><\/div><\/div><\/div><\/div><\/div><div class=\"fusion-fullwidth fullwidth-box fusion-builder-row-3 nonhundred-percent-fullwidth non-hundred-percent-height-scrolling fusion-equal-height-columns\" style=\"--link_hover_color: #70cfef;--link_color: #70cfef;--awb-border-radius-top-left:0px;--awb-border-radius-top-right:0px;--awb-border-radius-bottom-right:0px;--awb-border-radius-bottom-left:0px;--awb-margin-top:30px;--awb-background-color:rgba(203,125,89,0);--awb-flex-wrap:wrap;\" ><div class=\"fusion-builder-row fusion-row\"><div class=\"fusion-layout-column fusion_builder_column fusion-builder-column-2 fusion_builder_column_1_2 1_2 fusion-one-half fusion-column-first\" style=\"--awb-bg-size:cover;width:50%;width:calc(50% - ( ( 4% ) * 0.5 ) );margin-right: 4%;\"><div class=\"fusion-column-wrapper fusion-column-has-shadow fusion-flex-column-wrapper-legacy\"><div class=\"fusion-title title fusion-title-3 fusion-sep-none fusion-title-text fusion-title-size-two\" style=\"--awb-text-color:#ffffff;--awb-margin-top:60px;--awb-margin-bottom:20px;--awb-margin-top-small:30px;\"><h2 class=\"fusion-title-heading title-heading-left fusion-responsive-typography-calculated\" style=\"font-family:&quot;Montserrat&quot;;font-style:normal;font-weight:600;margin:0;--fontSize:35;line-height:1.2;\"><h2>Hvordan laver man cellerehabilitering?<\/h2><\/h2><\/div><div class=\"fusion-sep-clear\"><\/div><div class=\"fusion-separator fusion-clearfix\" style=\"float:left;width:100%;max-width:80px;\"><div class=\"fusion-separator-border sep-single sep-solid\" style=\"--awb-height:20px;--awb-amount:20px;--awb-sep-color:#ffffff;border-color:#ffffff;border-top-width:3px;\"><\/div><\/div><div class=\"fusion-sep-clear\"><\/div><div class=\"fusion-sep-clear\"><\/div><div class=\"fusion-separator fusion-clearfix\" style=\"float:left;margin-bottom:25px;width:100%;max-width:100px;\"><\/div><div class=\"fusion-sep-clear\"><\/div><div class=\"fusion-text fusion-text-2\"><p>Celle-rehabilitering startes med laboratorietests. Viser disse tests, at du mangler du noget i din krop, eller cellerne lider under oxidativ stress, genopretter vi dette p\u00e5 holistisk vis via kosten og m\u00e5lrettet kosttilskud. P\u00e5 samme m\u00e5de arbejder vi p\u00e5 at forbedre forholdene for din tarms mikroorganismer, da ubalancer i tarmen kan p\u00e5virke hjernen, via et \u201drelativt nyopdaget\u201d nervesystem, som forbinder tarmen med hjernen.<\/p>\n<p>Metoderne er kendt fra funktionel medicin. Det er ganske enkelt. Vi tilf\u00f8jer kun ting, som er 100% identiske med det din krop selv kan producere under normale omst\u00e6ndigheder. Pr\u00e6cist det \u201dbioidentiske molekyle\u201d dine celler og tarm mikroorganismer m\u00e5tte mangle for at fungere normalt.<\/p>\n<\/div><div class=\"fusion-clearfix\"><\/div><\/div><\/div><div class=\"fusion-layout-column fusion_builder_column fusion-builder-column-3 fusion_builder_column_1_2 1_2 fusion-one-half fusion-column-last\" style=\"--awb-bg-position:right top;--awb-bg-size:cover;--awb-margin-top:35px;width:50%;width:calc(50% - ( ( 4% ) * 0.5 ) );\"><div class=\"fusion-column-wrapper fusion-column-has-shadow fusion-flex-column-wrapper-legacy\"><div class=\"fusion-column-content-centered\"><div class=\"fusion-column-content\"><div class=\"fusion-image-element in-legacy-container\" style=\"--awb-caption-title-font-family:var(--h2_typography-font-family);--awb-caption-title-font-weight:var(--h2_typography-font-weight);--awb-caption-title-font-style:var(--h2_typography-font-style);--awb-caption-title-size:var(--h2_typography-font-size);--awb-caption-title-transform:var(--h2_typography-text-transform);--awb-caption-title-line-height:var(--h2_typography-line-height);--awb-caption-title-letter-spacing:var(--h2_typography-letter-spacing);\"><span class=\" fusion-imageframe imageframe-none imageframe-1 hover-type-none\"><img decoding=\"async\" width=\"1056\" height=\"638\" alt=\"Naturen i helbredelsen\" title=\"Cellemembran\" src=\"https:\/\/rebrainclinic.com\/wp-content\/uploads\/2020\/09\/Cellemembran-illustration-1.jpg\" class=\"img-responsive wp-image-3873\"\/><\/span><\/div><div class=\"fusion-sep-clear\"><\/div><div class=\"fusion-separator fusion-clearfix\" style=\"float:left;margin-bottom:50px;width:100%;max-width:100px;\"><\/div><div class=\"fusion-sep-clear\"><\/div><div class=\"fusion-aligncenter\"><a class=\"fusion-button button-flat button-xlarge button-custom fusion-button-default button-1 fusion-button-default-span fusion-button-default-type\" style=\"--button_accent_color:#ffffff;--button_accent_hover_color:#ffffff;--button_border_hover_color:#ffffff;--button_border_width-top:5px;--button_border_width-right:5px;--button_border_width-bottom:5px;--button_border_width-left:5px;--button_gradient_top_color:#70cfef;--button_gradient_bottom_color:#70cfef;--button_gradient_top_color_hover:#3bc2ef;--button_gradient_bottom_color_hover:#3bc2ef;\" target=\"_self\" href=\"https:\/\/rebrainclinic.com\/dk\/faa-hjaelp-nu\/\"><span class=\"fusion-button-text\">F\u00e5 hj\u00e6lp nu<\/span><\/a><\/div><\/div><\/div><div class=\"fusion-clearfix\"><\/div><\/div><\/div><\/div><\/div><div class=\"fusion-fullwidth fullwidth-box fusion-builder-row-4 nonhundred-percent-fullwidth non-hundred-percent-height-scrolling fusion-equal-height-columns\" style=\"--link_hover_color: #70cfef;--link_color: #70cfef;--awb-border-radius-top-left:0px;--awb-border-radius-top-right:0px;--awb-border-radius-bottom-right:0px;--awb-border-radius-bottom-left:0px;--awb-margin-top:30px;--awb-background-color:rgba(203,125,89,0);--awb-flex-wrap:wrap;\" ><div class=\"fusion-builder-row fusion-row\"><div class=\"fusion-layout-column fusion_builder_column fusion-builder-column-4 fusion_builder_column_1_2 1_2 fusion-one-half fusion-column-first\" style=\"--awb-bg-size:cover;width:50%;width:calc(50% - ( ( 4% ) * 0.5 ) );margin-right: 4%;\"><div class=\"fusion-column-wrapper fusion-column-has-shadow fusion-flex-column-wrapper-legacy\"><div class=\"fusion-title title fusion-title-4 fusion-sep-none fusion-title-center fusion-title-text fusion-title-size-one\" style=\"--awb-text-color:#ffffff;--awb-margin-top:100px;--awb-font-size:10px;\"><h1 class=\"fusion-title-heading title-heading-center fusion-responsive-typography-calculated\" style=\"margin:0;font-size:1em;--fontSize:10;--minFontSize:10;line-height:1.16;\"><h3 style=\"text-align: left;\">Rehabilitering af hjerneceller ved at re-aktivere dem p\u00e5 optimal vis<\/h3><\/h1><\/div><div class=\"fusion-sep-clear\"><\/div><div class=\"fusion-separator fusion-clearfix\" style=\"float:left;width:100%;max-width:80px;\"><div class=\"fusion-separator-border sep-single sep-solid\" style=\"--awb-height:20px;--awb-amount:20px;--awb-sep-color:#ffffff;border-color:#ffffff;border-top-width:3px;\"><\/div><\/div><div class=\"fusion-sep-clear\"><\/div><div class=\"fusion-sep-clear\"><\/div><div class=\"fusion-separator fusion-clearfix\" style=\"float:left;margin-bottom:25px;width:100%;max-width:100px;\"><\/div><div class=\"fusion-sep-clear\"><\/div><div class=\"fusion-text fusion-text-3\"><p>Sammen med Institut for Hjernetr\u00e6ning arbejder REbrain Clinic med EEG neurofeedback for at hj\u00e6lpe dine hjerneceller til at \u00e6ndre aktivitiet, netop der i hjernen, hvor aktiviteten er unormal.<\/p>\n<p>EEG neurofeedback er en dokumenteret metode. Der findes mange forskningsstudier til afhj\u00e6lpning af eks. traumatisk hjerneskade, <a href=\"https:\/\/journals.sagepub.com\/doi\/10.1177\/1550059416654849\">2a<\/a>, <a href=\"https:\/\/pubmed.ncbi.nlm.nih.gov\/15493535\/\">2b<\/a>, <a href=\"https:\/\/journals.sagepub.com\/doi\/abs\/10.1177\/1550059417744899?journalCode=eegb\">2c<\/a>, men ogs\u00e5 PTSD og andre tilstande.<\/p>\n<p>L\u00e6s mere om <a href=\"https:\/\/rebrainclinic.com\/dk\/eeg-neurofeedback-hjernetraening\/\">EEG neurofeedback<\/a> og de universitetsuddannede mennesker bag din hjernetr\u00e6ning.<\/p>\n<p>Via vores viden om celler hj\u00e6lper vi dig.<\/p>\n<\/div><div class=\"fusion-clearfix\"><\/div><\/div><\/div><div class=\"fusion-layout-column fusion_builder_column fusion-builder-column-5 fusion_builder_column_1_2 1_2 fusion-one-half fusion-column-last\" style=\"--awb-bg-position:right top;--awb-bg-size:cover;--awb-margin-top:35px;width:50%;width:calc(50% - ( ( 4% ) * 0.5 ) );\"><div class=\"fusion-column-wrapper fusion-column-has-shadow fusion-flex-column-wrapper-legacy\"><div class=\"fusion-column-content-centered\"><div class=\"fusion-column-content\"><div class=\"fusion-image-element in-legacy-container\" style=\"--awb-caption-title-font-family:var(--h2_typography-font-family);--awb-caption-title-font-weight:var(--h2_typography-font-weight);--awb-caption-title-font-style:var(--h2_typography-font-style);--awb-caption-title-size:var(--h2_typography-font-size);--awb-caption-title-transform:var(--h2_typography-text-transform);--awb-caption-title-line-height:var(--h2_typography-line-height);--awb-caption-title-letter-spacing:var(--h2_typography-letter-spacing);\"><span class=\" fusion-imageframe imageframe-none imageframe-2 hover-type-none\"><img decoding=\"async\" width=\"656\" height=\"446\" alt=\"Hjernesund kost\" title=\"CELLE REHAB hjernetr\u00e6ning sk\u00e6r lidt i den og genbrug den\" src=\"https:\/\/rebrainclinic.com\/wp-content\/uploads\/2020\/09\/CELLE-REHAB-hjernetraening-skaer-lidt-i-den-og-genbrug-den.png\" class=\"img-responsive wp-image-3992\"\/><\/span><\/div><div class=\"fusion-sep-clear\"><\/div><div class=\"fusion-separator fusion-clearfix\" style=\"float:left;margin-bottom:25px;width:100%;max-width:100px;\"><\/div><div class=\"fusion-sep-clear\"><\/div><div class=\"fusion-aligncenter\"><a class=\"fusion-button button-flat button-xlarge button-custom fusion-button-default button-2 fusion-button-default-span fusion-button-default-type\" style=\"--button_accent_color:#ffffff;--button_accent_hover_color:#ffffff;--button_border_hover_color:#ffffff;--button_border_width-top:5px;--button_border_width-right:5px;--button_border_width-bottom:5px;--button_border_width-left:5px;--button_gradient_top_color:#70cfef;--button_gradient_bottom_color:#70cfef;--button_gradient_top_color_hover:#3bc2ef;--button_gradient_bottom_color_hover:#3bc2ef;\" target=\"_self\" href=\"https:\/\/rebrainclinic.com\/dk\/faa-hjaelp-nu\/\"><span class=\"fusion-button-text\">F\u00e5 hj\u00e6lp nu og optimer din hjernecelle-funktion med CELLE-REHAB<\/span><\/a><\/div><\/div><\/div><div class=\"fusion-clearfix\"><\/div><\/div><\/div><\/div><\/div><div class=\"fusion-fullwidth fullwidth-box fusion-builder-row-5 nonhundred-percent-fullwidth non-hundred-percent-height-scrolling fusion-equal-height-columns\" style=\"--link_hover_color: #70cfef;--link_color: #70cfef;--awb-border-radius-top-left:0px;--awb-border-radius-top-right:0px;--awb-border-radius-bottom-right:0px;--awb-border-radius-bottom-left:0px;--awb-margin-top:30px;--awb-background-color:rgba(203,125,89,0);--awb-flex-wrap:wrap;\" ><div class=\"fusion-builder-row fusion-row\"><div class=\"fusion-layout-column fusion_builder_column fusion-builder-column-6 fusion_builder_column_1_2 1_2 fusion-one-half fusion-column-first\" style=\"--awb-bg-size:cover;width:50%;width:calc(50% - ( ( 4% ) * 0.5 ) );margin-right: 4%;\"><div class=\"fusion-column-wrapper fusion-column-has-shadow fusion-flex-column-wrapper-legacy\"><div class=\"fusion-title title fusion-title-5 fusion-sep-none fusion-title-text fusion-title-size-two\" style=\"--awb-text-color:#ffffff;--awb-margin-top:60px;--awb-margin-bottom:20px;--awb-margin-top-small:30px;\"><h2 class=\"fusion-title-heading title-heading-left fusion-responsive-typography-calculated\" style=\"font-family:&quot;Montserrat&quot;;font-style:normal;font-weight:600;margin:0;--fontSize:35;line-height:1.2;\"><h3>Du f\u00e5r kvalificeret hj\u00e6lp.<br \/>\nDin konsulent p\u00e5 REbrain Clinic:<\/h3><\/h2><\/div><div class=\"fusion-sep-clear\"><\/div><div class=\"fusion-separator fusion-clearfix\" style=\"float:left;width:100%;max-width:80px;\"><div class=\"fusion-separator-border sep-single sep-solid\" style=\"--awb-height:20px;--awb-amount:20px;--awb-sep-color:#ffffff;border-color:#ffffff;border-top-width:3px;\"><\/div><\/div><div class=\"fusion-sep-clear\"><\/div><div class=\"fusion-sep-clear\"><\/div><div class=\"fusion-separator fusion-clearfix\" style=\"float:left;margin-bottom:25px;width:100%;max-width:100px;\"><\/div><div class=\"fusion-sep-clear\"><\/div><div class=\"fusion-text fusion-text-4\"><ul>\n<li>Har 5-\u00e5rig universitetsuddannelse (DTU) indenfor cellebiologi og har forsket i typen af bakterier, som mennesket har i tarmen.<\/li>\n<li>Har egen-erfaring fra nakkeskader med ubalancer p\u00e5 tarm, kronisk inflammation, overaktivt immunforsvar, \u00e6ndret smertet\u00e6rskel.<\/li>\n<li>Har arbejdet med inflammatoriske tilstande (Type 2 diabetes) gennem 6 \u00e5r.<\/li>\n<li>Har siden 2014 i organisationen WHIPCON.org forsket i sammenh\u00e6ng mellem hjernerystelse\/nakkeskade og f\u00f8lgelidelser p\u00e5 celleplan. Herunder biologiske ubalancer.<\/li>\n<li>Er Certificeret i hjernesundhed i USA.<\/li>\n<\/ul>\n<p>Er efteruddannet p\u00e5 internationale l\u00e6gem\u00f8der indenfor hjernerystelse og neuroscience.<\/p>\n<\/div><div class=\"fusion-clearfix\"><\/div><\/div><\/div><div class=\"fusion-layout-column fusion_builder_column fusion-builder-column-7 fusion_builder_column_1_2 1_2 fusion-one-half fusion-column-last\" style=\"--awb-bg-position:right top;--awb-bg-size:cover;--awb-margin-top:35px;width:50%;width:calc(50% - ( ( 4% ) * 0.5 ) );\"><div class=\"fusion-column-wrapper fusion-column-has-shadow fusion-flex-column-wrapper-legacy\"><div class=\"fusion-column-content-centered\"><div class=\"fusion-column-content\"><div class=\"fusion-image-element in-legacy-container\" style=\"--awb-caption-title-font-family:var(--h2_typography-font-family);--awb-caption-title-font-weight:var(--h2_typography-font-weight);--awb-caption-title-font-style:var(--h2_typography-font-style);--awb-caption-title-size:var(--h2_typography-font-size);--awb-caption-title-transform:var(--h2_typography-text-transform);--awb-caption-title-line-height:var(--h2_typography-line-height);--awb-caption-title-letter-spacing:var(--h2_typography-letter-spacing);\"><span class=\" fusion-imageframe imageframe-none imageframe-3 hover-type-none\"><img decoding=\"async\" width=\"453\" height=\"459\" alt=\"Hjernesund kost\" title=\"Billede af Marianne Sandberg\" src=\"https:\/\/rebrainclinic.com\/wp-content\/uploads\/2020\/09\/Marianne-Sandberg.jpg\" class=\"img-responsive wp-image-3897\"\/><\/span><\/div><\/div><\/div><div class=\"fusion-clearfix\"><\/div><\/div><\/div><\/div><\/div>\n","protected":false},"excerpt":{"rendered":"","protected":false},"author":3,"featured_media":0,"parent":0,"menu_order":0,"comment_status":"closed","ping_status":"closed","template":"100-width.php","meta":{"footnotes":""},"yoast_head":"<!-- This site is optimized with the Yoast SEO plugin v21.9.1 - https:\/\/yoast.com\/wordpress\/plugins\/seo\/ -->\n<title>CELLE REHABilitering - REbrain Clinic<\/title>\n<meta name=\"robots\" content=\"index, follow, max-snippet:-1, max-image-preview:large, max-video-preview:-1\" \/>\n<link rel=\"canonical\" href=\"https:\/\/rebrainclinic.com\/dk\/celle-rehabilitering\/\" \/>\n<meta property=\"og:locale\" content=\"da_DK\" \/>\n<meta property=\"og:type\" content=\"article\" \/>\n<meta property=\"og:title\" content=\"CELLE REHABilitering - REbrain Clinic\" \/>\n<meta property=\"og:url\" content=\"https:\/\/rebrainclinic.com\/dk\/celle-rehabilitering\/\" \/>\n<meta property=\"og:site_name\" content=\"REbrain Clinic\" \/>\n<meta property=\"article:modified_time\" content=\"2020-10-01T10:36:36+00:00\" \/>\n<meta name=\"twitter:card\" content=\"summary_large_image\" \/>\n<meta name=\"twitter:label1\" content=\"Estimeret l\u00e6setid\" \/>\n\t<meta name=\"twitter:data1\" content=\"23 minutter\" \/>\n<script type=\"application\/ld+json\" class=\"yoast-schema-graph\">{\"@context\":\"https:\/\/schema.org\",\"@graph\":[{\"@type\":\"WebPage\",\"@id\":\"https:\/\/rebrainclinic.com\/dk\/celle-rehabilitering\/\",\"url\":\"https:\/\/rebrainclinic.com\/dk\/celle-rehabilitering\/\",\"name\":\"CELLE REHABilitering - REbrain Clinic\",\"isPartOf\":{\"@id\":\"https:\/\/rebrainclinic.com\/dk\/#website\"},\"datePublished\":\"2020-09-24T16:27:06+00:00\",\"dateModified\":\"2020-10-01T10:36:36+00:00\",\"breadcrumb\":{\"@id\":\"https:\/\/rebrainclinic.com\/dk\/celle-rehabilitering\/#breadcrumb\"},\"inLanguage\":\"da-DK\",\"potentialAction\":[{\"@type\":\"ReadAction\",\"target\":[\"https:\/\/rebrainclinic.com\/dk\/celle-rehabilitering\/\"]}]},{\"@type\":\"BreadcrumbList\",\"@id\":\"https:\/\/rebrainclinic.com\/dk\/celle-rehabilitering\/#breadcrumb\",\"itemListElement\":[{\"@type\":\"ListItem\",\"position\":1,\"name\":\"Home\",\"item\":\"https:\/\/rebrainclinic.com\/dk\/\"},{\"@type\":\"ListItem\",\"position\":2,\"name\":\"CELLE REHABilitering\"}]},{\"@type\":\"WebSite\",\"@id\":\"https:\/\/rebrainclinic.com\/dk\/#website\",\"url\":\"https:\/\/rebrainclinic.com\/dk\/\",\"name\":\"REbrain Clinic\",\"description\":\"\",\"potentialAction\":[{\"@type\":\"SearchAction\",\"target\":{\"@type\":\"EntryPoint\",\"urlTemplate\":\"https:\/\/rebrainclinic.com\/dk\/?s={search_term_string}\"},\"query-input\":\"required name=search_term_string\"}],\"inLanguage\":\"da-DK\"}]}<\/script>\n<!-- \/ Yoast SEO plugin. -->","yoast_head_json":{"title":"CELLE REHABilitering - REbrain Clinic","robots":{"index":"index","follow":"follow","max-snippet":"max-snippet:-1","max-image-preview":"max-image-preview:large","max-video-preview":"max-video-preview:-1"},"canonical":"https:\/\/rebrainclinic.com\/dk\/celle-rehabilitering\/","og_locale":"da_DK","og_type":"article","og_title":"CELLE REHABilitering - REbrain Clinic","og_url":"https:\/\/rebrainclinic.com\/dk\/celle-rehabilitering\/","og_site_name":"REbrain Clinic","article_modified_time":"2020-10-01T10:36:36+00:00","twitter_card":"summary_large_image","twitter_misc":{"Estimeret l\u00e6setid":"23 minutter"},"schema":{"@context":"https:\/\/schema.org","@graph":[{"@type":"WebPage","@id":"https:\/\/rebrainclinic.com\/dk\/celle-rehabilitering\/","url":"https:\/\/rebrainclinic.com\/dk\/celle-rehabilitering\/","name":"CELLE REHABilitering - REbrain Clinic","isPartOf":{"@id":"https:\/\/rebrainclinic.com\/dk\/#website"},"datePublished":"2020-09-24T16:27:06+00:00","dateModified":"2020-10-01T10:36:36+00:00","breadcrumb":{"@id":"https:\/\/rebrainclinic.com\/dk\/celle-rehabilitering\/#breadcrumb"},"inLanguage":"da-DK","potentialAction":[{"@type":"ReadAction","target":["https:\/\/rebrainclinic.com\/dk\/celle-rehabilitering\/"]}]},{"@type":"BreadcrumbList","@id":"https:\/\/rebrainclinic.com\/dk\/celle-rehabilitering\/#breadcrumb","itemListElement":[{"@type":"ListItem","position":1,"name":"Home","item":"https:\/\/rebrainclinic.com\/dk\/"},{"@type":"ListItem","position":2,"name":"CELLE REHABilitering"}]},{"@type":"WebSite","@id":"https:\/\/rebrainclinic.com\/dk\/#website","url":"https:\/\/rebrainclinic.com\/dk\/","name":"REbrain Clinic","description":"","potentialAction":[{"@type":"SearchAction","target":{"@type":"EntryPoint","urlTemplate":"https:\/\/rebrainclinic.com\/dk\/?s={search_term_string}"},"query-input":"required name=search_term_string"}],"inLanguage":"da-DK"}]}},"_links":{"self":[{"href":"https:\/\/rebrainclinic.com\/dk\/wp-json\/wp\/v2\/pages\/3865"}],"collection":[{"href":"https:\/\/rebrainclinic.com\/dk\/wp-json\/wp\/v2\/pages"}],"about":[{"href":"https:\/\/rebrainclinic.com\/dk\/wp-json\/wp\/v2\/types\/page"}],"author":[{"embeddable":true,"href":"https:\/\/rebrainclinic.com\/dk\/wp-json\/wp\/v2\/users\/3"}],"replies":[{"embeddable":true,"href":"https:\/\/rebrainclinic.com\/dk\/wp-json\/wp\/v2\/comments?post=3865"}],"version-history":[{"count":5,"href":"https:\/\/rebrainclinic.com\/dk\/wp-json\/wp\/v2\/pages\/3865\/revisions"}],"predecessor-version":[{"id":4015,"href":"https:\/\/rebrainclinic.com\/dk\/wp-json\/wp\/v2\/pages\/3865\/revisions\/4015"}],"wp:attachment":[{"href":"https:\/\/rebrainclinic.com\/dk\/wp-json\/wp\/v2\/media?parent=3865"}],"curies":[{"name":"wp","href":"https:\/\/api.w.org\/{rel}","templated":true}]}}