{"id":3809,"date":"2020-09-23T13:30:36","date_gmt":"2020-09-23T11:30:36","guid":{"rendered":"https:\/\/rebrainclinic.com\/?page_id=3809"},"modified":"2020-10-12T10:56:27","modified_gmt":"2020-10-12T08:56:27","slug":"spoergsmaal-og-svar","status":"publish","type":"page","link":"https:\/\/rebrainclinic.com\/dk\/spoergsmaal-og-svar\/","title":{"rendered":"Sp\u00f8rgsm\u00e5l og svar"},"content":{"rendered":"<div class=\"fusion-fullwidth fullwidth-box fusion-builder-row-1 nonhundred-percent-fullwidth non-hundred-percent-height-scrolling\" style=\"--awb-border-radius-top-left:0px;--awb-border-radius-top-right:0px;--awb-border-radius-bottom-right:0px;--awb-border-radius-bottom-left:0px;--awb-margin-top:70px;--awb-flex-wrap:wrap;\" ><div class=\"fusion-builder-row fusion-row\"><div class=\"fusion-layout-column fusion_builder_column fusion-builder-column-0 fusion_builder_column_1_1 1_1 fusion-one-full fusion-column-first fusion-column-last\" style=\"--awb-bg-size:cover;\"><div class=\"fusion-column-wrapper fusion-column-has-shadow fusion-flex-column-wrapper-legacy\"><div class=\"fusion-title title fusion-title-1 fusion-sep-none fusion-title-center fusion-title-text fusion-title-size-one\" style=\"--awb-text-color:#ffffff;--awb-margin-top:100px;--awb-font-size:10px;\"><h1 class=\"fusion-title-heading title-heading-center fusion-responsive-typography-calculated\" style=\"margin:0;font-size:1em;--fontSize:10;--minFontSize:10;line-height:1.16;\"><h1 style=\"text-align: center;\">Sp\u00f8rgsm\u00e5l og svar om metoderne, specialisterne og tv\u00e6rfaglige samarbejder<\/h1><\/h1><\/div><div class=\"fusion-sep-clear\"><\/div><div class=\"fusion-separator\" style=\"margin-left: auto;margin-right: auto;margin-bottom:30px;width:100%;max-width:200px;\"><\/div><div class=\"fusion-sep-clear\"><\/div><div class=\"fusion-clearfix\"><\/div><\/div><\/div><\/div><\/div><div class=\"fusion-fullwidth fullwidth-box fusion-builder-row-2 add_theme_support( &#039;align-wide&#039; ); nonhundred-percent-fullwidth non-hundred-percent-height-scrolling\" style=\"--link_hover_color: #70cfef;--link_color: #70cfef;--awb-border-radius-top-left:0px;--awb-border-radius-top-right:0px;--awb-border-radius-bottom-right:0px;--awb-border-radius-bottom-left:0px;--awb-background-color:rgba(188,139,116,0);--awb-flex-wrap:wrap;\" ><div class=\"fusion-builder-row fusion-row\"><div class=\"fusion-layout-column fusion_builder_column fusion-builder-column-1 fusion_builder_column_1_1 1_1 fusion-one-full fusion-column-first fusion-column-last\" style=\"--awb-bg-color:rgba(233,30,99,0);--awb-bg-color-hover:rgba(233,30,99,0);--awb-bg-size:cover;\"><div class=\"fusion-column-wrapper fusion-column-has-shadow fusion-flex-column-wrapper-legacy\"><div class=\"fusion-text fusion-text-1\"><h4 data-fontsize=\"26\" data-lineheight=\"35.36px\" class=\"fusion-responsive-typography-calculated\" style=\"--fontSize:26; line-height: 1.36;\">Er det store eller sm\u00e5 klinikker REbrain arbejder sammen med?<\/h4>\n<p>De specialister du m\u00f8der via REbrain Clinic, tilh\u00f8rer en er en bred vifte af behandlere :<\/p>\n<ul>\n<li>Meget store l\u00e6geklinikker med forskning og 1500 af klienter hver uge fra hele verden<\/li>\n<li>Sm\u00e5 klinikker i Danmark med helt ned til 2 ansatte. Typisk universitetsuddannede specialister med h\u00f8j faglighed og stor viden<\/li>\n<\/ul>\n<h4 data-fontsize=\"26\" data-lineheight=\"35.36px\" class=\"fusion-responsive-typography-calculated\" style=\"--fontSize:26; line-height: 1.36;\">Er metoderne dokumenterede?<\/h4>\n<p>Ja, S\u00e5vel udsagn som metoderne, vi anbefaler, er publicerede i internationale forskningspublikationer. Vores hjemmeside har mere end 200 referencer. Klinikkerne du bes\u00f8ger er ofte pionerer indenfor deres felt med egen publiceret forskning. Ofte har de arbejdet med metoderne i 15-30 \u00e5r.<\/p>\n<h4 data-fontsize=\"26\" data-lineheight=\"35.36px\" class=\"fusion-responsive-typography-calculated\" style=\"--fontSize:26; line-height: 1.36;\">Skal jeg rejse?<\/h4>\n<p>Ikke n\u00f8dvendigvis. Vi henviser til dygtige specialister i s\u00e5vel indland som udland. Der er mulighed for online konsultationer. For visse unders\u00f8gelser og behandlinger, typisk scanninger og QEEG, skal du rejse til den anden ende af Danmark eller (\u00e5bne) nabolande.<\/p>\n<p>Under Covid-19 \u00e5bner vi mulighed for at scanne dig i Tyskland i stedet for USA. Efter Covid-19, kan du rejse til EU\/USA. Opholdet varer typisk 2-5 dage, men du kan v\u00e6lge at blive l\u00e6ngere og pr\u00f8ve ny behandling, hvor det tilbydes. Vi hj\u00e6lper gerne med at finde hotel eller et privat hus via Airbnb. Vi rejser gerne med som overs\u00e6ttere og st\u00f8tter. VIGTIGT: REbrain Clinic er IKKE et rejsebureau, og alt bookes, efter aftale, i dit eget navn og for din egen regning.<\/p>\n<h4 data-fontsize=\"26\" data-lineheight=\"35.36px\" class=\"fusion-responsive-typography-calculated\" style=\"--fontSize:26; line-height: 1.36;\">Hvordan hj\u00e6lper REbrain Clinic mig i begyndelsen?<\/h4>\n<p>Vi afd\u00e6kker din situation. Vores rolle som din r\u00e5dgiver, er at hj\u00e6lpe dig gennem junglen af diagnostiske metoder og behandlinger med mindst mulig anstrengelse. Vi laver et budget til dig ud fra din specifikke situation.<\/p>\n<h4 data-fontsize=\"26\" data-lineheight=\"35.36px\" class=\"fusion-responsive-typography-calculated\" style=\"--fontSize:26; line-height: 1.36;\">Hvordan vurderer REbrain de steder, de sender mig hen?<\/h4>\n<p>Vi henviser til de bedste l\u00e6ger med hensyn til scanninger, diagnose-redskaber og behandlinger.  Vores r\u00e5dgivning og valg af metoder har rod i videnskaben. Vi selv er specialister i cellebiologi, <em><strong>ubalancer og naturlige behandlinger til hjerne og krop.<\/strong><\/em><\/p>\n<h4 data-fontsize=\"26\" data-lineheight=\"35.36px\" class=\"fusion-responsive-typography-calculated\" style=\"--fontSize:26; line-height: 1.36;\">Kan min praktiserende l\u00e6ge v\u00e6re med p\u00e5 forl\u00f8bet?<\/h4>\n<p>Absolut. Vi opfordrer til det. Egen l\u00e6ge kan v\u00e6re en fantastisk tovholder, hvis han\/hun er open-minded overfor, at vi ogs\u00e5 arbejder med din krops naturlige balancer med ny viden om tarm, celler og vagusnerve. Herunder, kostens betydning for din sundhed, n\u00e5r ubalancer skal genoprettes (funktionel medicin). Vi deler gerne en af vores 1500 \u201dvidenskabelige sammenfatninger\u201d med din l\u00e6ge. Vi har s\u00e5gar haft en dansk psykiater medrejsende til USA&#8217;s st\u00f8rste hjerneklinik.<\/p>\n<h3 class=\"fusion-responsive-typography-calculated\" style=\"text-align: center; --fontsize: 27; line-height: 1.3; --fontSize:28;\" data-fontsize=\"28\" data-lineheight=\"36.4px\"><\/h3>\n<\/div><div class=\"fusion-sep-clear\"><\/div><div class=\"fusion-separator fusion-clearfix\" style=\"float:left;margin-bottom:25px;width:100%;max-width:100px;\"><\/div><div class=\"fusion-sep-clear\"><\/div><div class=\"fusion-aligncenter\"><a class=\"fusion-button button-flat button-xlarge button-custom fusion-button-default button-1 fusion-button-default-span fusion-button-default-type\" style=\"--button_accent_color:#ffffff;--button_accent_hover_color:#ffffff;--button_border_hover_color:#ffffff;--button_border_width-top:5px;--button_border_width-right:5px;--button_border_width-bottom:5px;--button_border_width-left:5px;--button_gradient_top_color:#70cfef;--button_gradient_bottom_color:#70cfef;--button_gradient_top_color_hover:#3bc2ef;--button_gradient_bottom_color_hover:#3bc2ef;\" target=\"_self\" href=\"https:\/\/rebrainclinic.com\/dk\/faa-hjaelp-nu\/\"><span class=\"fusion-button-text\">F\u00e5 hj\u00e6lp<\/span><\/a><\/div><div class=\"fusion-clearfix\"><\/div><\/div><\/div><\/div><\/div>\n","protected":false},"excerpt":{"rendered":"","protected":false},"author":3,"featured_media":0,"parent":0,"menu_order":0,"comment_status":"closed","ping_status":"closed","template":"100-width.php","meta":{"footnotes":""},"yoast_head":"<!-- This site is optimized with the Yoast SEO plugin v21.9.1 - https:\/\/yoast.com\/wordpress\/plugins\/seo\/ -->\n<title>Sp\u00f8rgsm\u00e5l og svar - REbrain Clinic<\/title>\n<meta name=\"robots\" content=\"index, follow, max-snippet:-1, max-image-preview:large, max-video-preview:-1\" \/>\n<link rel=\"canonical\" href=\"https:\/\/rebrainclinic.com\/dk\/spoergsmaal-og-svar\/\" \/>\n<meta property=\"og:locale\" content=\"da_DK\" \/>\n<meta property=\"og:type\" content=\"article\" \/>\n<meta property=\"og:title\" content=\"Sp\u00f8rgsm\u00e5l og svar - REbrain Clinic\" \/>\n<meta property=\"og:url\" content=\"https:\/\/rebrainclinic.com\/dk\/spoergsmaal-og-svar\/\" \/>\n<meta property=\"og:site_name\" content=\"REbrain Clinic\" \/>\n<meta property=\"article:modified_time\" content=\"2020-10-12T08:56:27+00:00\" \/>\n<meta name=\"twitter:card\" content=\"summary_large_image\" \/>\n<meta name=\"twitter:label1\" content=\"Estimeret l\u00e6setid\" \/>\n\t<meta name=\"twitter:data1\" content=\"7 minutter\" \/>\n<script type=\"application\/ld+json\" class=\"yoast-schema-graph\">{\"@context\":\"https:\/\/schema.org\",\"@graph\":[{\"@type\":\"WebPage\",\"@id\":\"https:\/\/rebrainclinic.com\/dk\/spoergsmaal-og-svar\/\",\"url\":\"https:\/\/rebrainclinic.com\/dk\/spoergsmaal-og-svar\/\",\"name\":\"Sp\u00f8rgsm\u00e5l og svar - REbrain Clinic\",\"isPartOf\":{\"@id\":\"https:\/\/rebrainclinic.com\/dk\/#website\"},\"datePublished\":\"2020-09-23T11:30:36+00:00\",\"dateModified\":\"2020-10-12T08:56:27+00:00\",\"breadcrumb\":{\"@id\":\"https:\/\/rebrainclinic.com\/dk\/spoergsmaal-og-svar\/#breadcrumb\"},\"inLanguage\":\"da-DK\",\"potentialAction\":[{\"@type\":\"ReadAction\",\"target\":[\"https:\/\/rebrainclinic.com\/dk\/spoergsmaal-og-svar\/\"]}]},{\"@type\":\"BreadcrumbList\",\"@id\":\"https:\/\/rebrainclinic.com\/dk\/spoergsmaal-og-svar\/#breadcrumb\",\"itemListElement\":[{\"@type\":\"ListItem\",\"position\":1,\"name\":\"Home\",\"item\":\"https:\/\/rebrainclinic.com\/dk\/\"},{\"@type\":\"ListItem\",\"position\":2,\"name\":\"Sp\u00f8rgsm\u00e5l og svar\"}]},{\"@type\":\"WebSite\",\"@id\":\"https:\/\/rebrainclinic.com\/dk\/#website\",\"url\":\"https:\/\/rebrainclinic.com\/dk\/\",\"name\":\"REbrain Clinic\",\"description\":\"\",\"potentialAction\":[{\"@type\":\"SearchAction\",\"target\":{\"@type\":\"EntryPoint\",\"urlTemplate\":\"https:\/\/rebrainclinic.com\/dk\/?s={search_term_string}\"},\"query-input\":\"required name=search_term_string\"}],\"inLanguage\":\"da-DK\"}]}<\/script>\n<!-- \/ Yoast SEO plugin. -->","yoast_head_json":{"title":"Sp\u00f8rgsm\u00e5l og svar - REbrain Clinic","robots":{"index":"index","follow":"follow","max-snippet":"max-snippet:-1","max-image-preview":"max-image-preview:large","max-video-preview":"max-video-preview:-1"},"canonical":"https:\/\/rebrainclinic.com\/dk\/spoergsmaal-og-svar\/","og_locale":"da_DK","og_type":"article","og_title":"Sp\u00f8rgsm\u00e5l og svar - REbrain Clinic","og_url":"https:\/\/rebrainclinic.com\/dk\/spoergsmaal-og-svar\/","og_site_name":"REbrain Clinic","article_modified_time":"2020-10-12T08:56:27+00:00","twitter_card":"summary_large_image","twitter_misc":{"Estimeret l\u00e6setid":"7 minutter"},"schema":{"@context":"https:\/\/schema.org","@graph":[{"@type":"WebPage","@id":"https:\/\/rebrainclinic.com\/dk\/spoergsmaal-og-svar\/","url":"https:\/\/rebrainclinic.com\/dk\/spoergsmaal-og-svar\/","name":"Sp\u00f8rgsm\u00e5l og svar - REbrain Clinic","isPartOf":{"@id":"https:\/\/rebrainclinic.com\/dk\/#website"},"datePublished":"2020-09-23T11:30:36+00:00","dateModified":"2020-10-12T08:56:27+00:00","breadcrumb":{"@id":"https:\/\/rebrainclinic.com\/dk\/spoergsmaal-og-svar\/#breadcrumb"},"inLanguage":"da-DK","potentialAction":[{"@type":"ReadAction","target":["https:\/\/rebrainclinic.com\/dk\/spoergsmaal-og-svar\/"]}]},{"@type":"BreadcrumbList","@id":"https:\/\/rebrainclinic.com\/dk\/spoergsmaal-og-svar\/#breadcrumb","itemListElement":[{"@type":"ListItem","position":1,"name":"Home","item":"https:\/\/rebrainclinic.com\/dk\/"},{"@type":"ListItem","position":2,"name":"Sp\u00f8rgsm\u00e5l og svar"}]},{"@type":"WebSite","@id":"https:\/\/rebrainclinic.com\/dk\/#website","url":"https:\/\/rebrainclinic.com\/dk\/","name":"REbrain Clinic","description":"","potentialAction":[{"@type":"SearchAction","target":{"@type":"EntryPoint","urlTemplate":"https:\/\/rebrainclinic.com\/dk\/?s={search_term_string}"},"query-input":"required name=search_term_string"}],"inLanguage":"da-DK"}]}},"_links":{"self":[{"href":"https:\/\/rebrainclinic.com\/dk\/wp-json\/wp\/v2\/pages\/3809"}],"collection":[{"href":"https:\/\/rebrainclinic.com\/dk\/wp-json\/wp\/v2\/pages"}],"about":[{"href":"https:\/\/rebrainclinic.com\/dk\/wp-json\/wp\/v2\/types\/page"}],"author":[{"embeddable":true,"href":"https:\/\/rebrainclinic.com\/dk\/wp-json\/wp\/v2\/users\/3"}],"replies":[{"embeddable":true,"href":"https:\/\/rebrainclinic.com\/dk\/wp-json\/wp\/v2\/comments?post=3809"}],"version-history":[{"count":5,"href":"https:\/\/rebrainclinic.com\/dk\/wp-json\/wp\/v2\/pages\/3809\/revisions"}],"predecessor-version":[{"id":4161,"href":"https:\/\/rebrainclinic.com\/dk\/wp-json\/wp\/v2\/pages\/3809\/revisions\/4161"}],"wp:attachment":[{"href":"https:\/\/rebrainclinic.com\/dk\/wp-json\/wp\/v2\/media?parent=3809"}],"curies":[{"name":"wp","href":"https:\/\/api.w.org\/{rel}","templated":true}]}}