{"id":3569,"date":"2020-08-05T12:32:08","date_gmt":"2020-08-05T10:32:08","guid":{"rendered":"https:\/\/rebrainclinic.com\/?page_id=3569"},"modified":"2020-10-14T16:46:41","modified_gmt":"2020-10-14T14:46:41","slug":"rebrain-metoden","status":"publish","type":"page","link":"https:\/\/rebrainclinic.com\/dk\/rebrain-metoden\/","title":{"rendered":"REbrain metoden"},"content":{"rendered":"<div class=\"fusion-fullwidth fullwidth-box fusion-builder-row-1 nonhundred-percent-fullwidth non-hundred-percent-height-scrolling\" style=\"--awb-border-radius-top-left:0px;--awb-border-radius-top-right:0px;--awb-border-radius-bottom-right:0px;--awb-border-radius-bottom-left:0px;--awb-margin-top:70px;--awb-flex-wrap:wrap;\" ><div class=\"fusion-builder-row fusion-row\"><div class=\"fusion-layout-column fusion_builder_column fusion-builder-column-0 fusion_builder_column_1_1 1_1 fusion-one-full fusion-column-first fusion-column-last\" style=\"--awb-bg-size:cover;\"><div class=\"fusion-column-wrapper fusion-column-has-shadow fusion-flex-column-wrapper-legacy\"><div class=\"fusion-title title fusion-title-1 fusion-sep-none fusion-title-center fusion-title-text fusion-title-size-one\" style=\"--awb-text-color:#ffffff;--awb-margin-top:100px;--awb-font-size:10px;\"><h1 class=\"fusion-title-heading title-heading-center fusion-responsive-typography-calculated\" style=\"margin:0;font-size:1em;--fontSize:10;--minFontSize:10;line-height:1.16;\"><h1 style=\"text-align: center;\" align=\"center\">REbrain metoden<\/h1><\/h1><\/div><div class=\"fusion-clearfix\"><\/div><\/div><\/div><\/div><\/div><div class=\"fusion-fullwidth fullwidth-box fusion-builder-row-2 nonhundred-percent-fullwidth non-hundred-percent-height-scrolling fusion-equal-height-columns\" style=\"--link_hover_color: #70cfef;--link_color: #70cfef;--awb-border-radius-top-left:0px;--awb-border-radius-top-right:0px;--awb-border-radius-bottom-right:0px;--awb-border-radius-bottom-left:0px;--awb-background-color:rgba(203,125,89,0);--awb-flex-wrap:wrap;\" ><div class=\"fusion-builder-row fusion-row\"><div class=\"fusion-layout-column fusion_builder_column fusion-builder-column-1 fusion_builder_column_1_1 1_1 fusion-one-full fusion-column-first fusion-column-last\" style=\"--awb-bg-size:cover;\"><div class=\"fusion-column-wrapper fusion-column-has-shadow fusion-flex-column-wrapper-legacy\"><div class=\"fusion-title title fusion-title-2 fusion-sep-none fusion-title-text fusion-title-size-two\" style=\"--awb-text-color:#ffffff;--awb-margin-top:60px;--awb-margin-bottom:20px;--awb-margin-top-small:30px;\"><h2 class=\"fusion-title-heading title-heading-left fusion-responsive-typography-calculated\" style=\"font-family:&quot;Montserrat&quot;;font-style:normal;font-weight:600;margin:0;--fontSize:35;line-height:1.2;\"><h2 aria-level=\"2\"><span data-contrast=\"none\">Resum\u00e9 af REbrain<\/span><span data-contrast=\"none\">&#8211;<\/span><span data-contrast=\"none\">metoden<\/span><\/h2><\/h2><\/div><div class=\"fusion-sep-clear\"><\/div><div class=\"fusion-separator fusion-clearfix\" style=\"float:left;width:100%;max-width:80px;\"><div class=\"fusion-separator-border sep-single sep-solid\" style=\"--awb-height:20px;--awb-amount:20px;--awb-sep-color:#ffffff;border-color:#ffffff;border-top-width:3px;\"><\/div><\/div><div class=\"fusion-sep-clear\"><\/div><div class=\"fusion-sep-clear\"><\/div><div class=\"fusion-separator fusion-clearfix\" style=\"float:left;margin-bottom:25px;width:100%;max-width:100px;\"><\/div><div class=\"fusion-sep-clear\"><\/div><div class=\"fusion-text fusion-text-1\"><p class=\"fusion-responsive-typography-calculated\" style=\"--fontsize: 22; line-height: 1.4; --minfontsize: 22;\" data-fontsize=\"22\" data-lineheight=\"30.8px\">REbrain Clinics behandlingsmetode best\u00e5r af tre hovedomr\u00e5der af rehabilitering:<\/p>\n<ul>\n<li>FYSISK REHAB<\/li>\n<li>CELLE REHAB<\/li>\n<li>MENTAL REHAB<\/li>\n<\/ul>\n<p class=\"fusion-responsive-typography-calculated\" style=\"--fontsize: 22; line-height: 1.4; --minfontsize: 22;\" data-fontsize=\"22\" data-lineheight=\"30.8px\"><span style=\"font-size: calc((var(--fontSize) * 1px) - (var(--typography_sensitivity) * (var(--fontSize) - var(--minFontSize)) * (var(--minViewportSize) * 1px - 100vw))\/ (var(--maxViewportSize) - var(--minViewportSize)) - (var(--fontSize) - var(--minFontSize)) * var(--typography_sensitivity) * 1px); background-color: rgba(203, 125, 89, 0); color: var(--body_typography-color); font-family: var(--body_typography-font-family); font-style: var(--body_typography-font-style,normal); font-weight: var(--body_typography-font-weight); letter-spacing: var(--body_typography-letter-spacing);\">(se illustration nedenfor).<\/span><\/p>\n<p><span data-ccp-props=\"{'201341983':0,'335559739':160,'335559740':259}\">Alle tre omr\u00e5der skal adresseres samtidigt, og med flere samtidige metoder for at \u00f8ge chancen for at vende din tilstand. <\/span><\/p>\n<p><span data-ccp-props=\"{'201341983':0,'335559739':160,'335559740':259}\"><br \/>\nFremgangsm\u00e5den justeres ift., om du udelukkende har stress og tab af koncentration, om du er fysisk skadet og\/eller i en form for traumatisk krise. Vi ser ofte kombinationer heraf.<br \/>\n<\/span><\/p>\n<p class=\"fusion-responsive-typography-calculated\" style=\"--fontsize: 22; line-height: 1.4; --minfontsize: 22;\" data-fontsize=\"22\" data-lineheight=\"30.8px\"><span data-ccp-props=\"{'201341983':0,'335559739':160,'335559740':259}\">Vi giver dig ogs\u00e5 metoder til SELVHJ\u00c6LP, s\u00e5 du responderer optimalt p\u00e5 de forskellige rehabiliteringsomr\u00e5der<br \/>\n<\/span><\/p>\n<\/div><div class=\"fusion-image-element in-legacy-container\" style=\"--awb-caption-title-font-family:var(--h2_typography-font-family);--awb-caption-title-font-weight:var(--h2_typography-font-weight);--awb-caption-title-font-style:var(--h2_typography-font-style);--awb-caption-title-size:var(--h2_typography-font-size);--awb-caption-title-transform:var(--h2_typography-text-transform);--awb-caption-title-line-height:var(--h2_typography-line-height);--awb-caption-title-letter-spacing:var(--h2_typography-letter-spacing);\"><span class=\" fusion-imageframe imageframe-none imageframe-1 hover-type-none\"><img decoding=\"async\" width=\"1666\" height=\"1051\" alt=\"skema over REbrain metoden\" title=\"REbrain metoden\" src=\"https:\/\/rebrainclinic.com\/wp-content\/uploads\/2020\/10\/REbrain-METHOD-DK-hvid-paa-transparant-V3-01.png\" class=\"img-responsive wp-image-4200\"\/><\/span><\/div><div class=\"fusion-text fusion-text-2\"><h5><span data-contrast=\"auto\">FYSISIK REHAB<\/span><\/h5>\n<p><span data-contrast=\"auto\">Udover en grundig, l\u00e6gelige udredning hos specialister, unders\u00f8ger vi, om dine funktions-problemer efter hjernerystelse<\/span> <span data-contrast=\"auto\">kommer fra \u00f8jnene, og unders\u00f8ger hvordan du har \u00e6ndret hjerneaktivitet. Som del af din behandling af <\/span><span data-contrast=\"auto\">postcommotionelt<\/span><span data-contrast=\"auto\"> syndrom genoptr\u00e6ner REbrain Clinic \u00f8jne og hjerneaktivitet. Vi sender dig videre til en r\u00e6kke innovative metoder indenfor <\/span><span data-contrast=\"auto\">diagnose og <\/span><span data-contrast=\"auto\"><a href=\"https:\/\/rebrainclinic.com\/dk\/fysisk-rehabilitering\/\">FYSISK REHAB<\/a> og kan hj\u00e6lpe dig med individuel plan og gennemf\u00f8relse af et samlet intensivt bredt forl\u00f8b.<\/span><span data-contrast=\"auto\"> Vi har t<\/span><span data-contrast=\"auto\">\u00e6t kontakt til en r\u00e6kke <\/span><span data-contrast=\"auto\">f\u00f8rende <\/span><span data-contrast=\"auto\">specialister<\/span><span data-contrast=\"auto\">.<\/span><span data-ccp-props=\"{\">\u00a0<\/span><span data-ccp-props=\"{\">\u00a0<\/span><\/p>\n<h5><span data-contrast=\"auto\">CELLE REHAB<\/span><span data-ccp-props=\"{\">\u00a0<\/span><\/h5>\n<p><span data-contrast=\"auto\">CELLE REHABILITERING et centralt element i REbrain Clinics naturlige metoder<\/span><span data-contrast=\"auto\">, givet vores videnskabelige baggrunde i cellebiologi.\u00a0<\/span> <span data-contrast=\"auto\">S\u00e5vel nakkeskader og som l\u00e6ngere tids stress kan give ubalancer p\u00e5 det autonome nervesystem, som styrer dine organer<\/span><span data-contrast=\"auto\">\/hormoner<\/span><span data-contrast=\"auto\">.\u00a0<\/span> <span data-contrast=\"auto\">Efter <\/span><span data-contrast=\"auto\">lang <\/span><span data-contrast=\"auto\">tids ubalance kan hele dit organsystem og krop v\u00e6re derfor i stor ubalance.\u00a0 <\/span><span data-contrast=\"auto\">Tarmen er forbundet til hjernen og spiller en hovedrolle i at stoppe inflammation (5a, 5b). Desuden kan du mangle byggesten til v\u00e6sentlige processer i hjernen.<\/span> <span data-contrast=\"auto\">For at hj\u00e6lpe dig <\/span><span data-contrast=\"auto\">arbejder vi <\/span><span data-contrast=\"auto\">helt ned p\u00e5 celleplan. <\/span><span data-contrast=\"auto\">Metoderne er kendt fra funktionel medicin. Det er ganske enkelt. Vi tilf\u00f8jer kun hvad dine celler <\/span><span data-contrast=\"auto\">og dermed krop <\/span><span data-contrast=\"auto\">mangler.<\/span><span data-contrast=\"auto\">\u00a0<\/span><span data-ccp-props=\"{\">\u00a0<\/span><\/p>\n<p><span data-contrast=\"auto\">Derfor har vi hos REbrain Clinic specialiseret os i CELLE-rehabilitering<\/span><span data-contrast=\"auto\">.<\/span><span data-ccp-props=\"{\">\u00a0<\/span><\/p>\n<p><span data-contrast=\"auto\">Til h<\/span><span data-contrast=\"auto\">jerneceller tilbyder<\/span><span data-contrast=\"auto\"> vi desuden <\/span><span data-contrast=\"auto\">EEG neurofeedback hjernetr\u00e6ning<\/span><span data-contrast=\"auto\">.<\/span><span data-ccp-props=\"{\">\u00a0<\/span><\/p>\n<p><span data-contrast=\"auto\">Via konsultationer i hjernesundhed giver vi<\/span><span data-contrast=\"auto\"> dig metoder til <\/span><span data-contrast=\"none\">SELVHJ\u00c6LP<\/span><span data-contrast=\"auto\">, s\u00e5 du responderer optimalt p\u00e5 de andre rehabiliteringsomr\u00e5der.<\/span><span data-ccp-props=\"{\">\u00a0<\/span><\/p>\n<h5><span data-contrast=\"auto\">MENTAL REHAB<\/span><span data-ccp-props=\"{\">\u00a0<\/span><\/h5>\n<p><span data-contrast=\"auto\">REbrain Clinic tilbyder en bred intensiv l\u00f8sning indenfor psykiatri. Vi samarbejder med <\/span><span data-contrast=\"auto\">en af <\/span><span data-contrast=\"auto\">verdens st\u00f8rste og f\u00f8rende psykiaterklinik<\/span><span data-contrast=\"auto\">ker<\/span><span data-contrast=\"auto\">.\u00a0\u00a0<\/span><span data-ccp-props=\"{\">\u00a0<\/span><\/p>\n<p><span data-contrast=\"auto\">Traumeforl\u00f8sning og hj\u00e6lp til angst og stress med nye revolutionerende teknikker indenfor <\/span><span data-contrast=\"none\">psyko-sanse-terapi<\/span><span data-contrast=\"auto\">.<\/span><span data-ccp-props=\"{\">\u00a0<\/span><\/p>\n<\/div><div class=\"fusion-clearfix\"><\/div><\/div><\/div><\/div><\/div>\n","protected":false},"excerpt":{"rendered":"","protected":false},"author":3,"featured_media":0,"parent":0,"menu_order":0,"comment_status":"closed","ping_status":"closed","template":"100-width.php","meta":{"footnotes":""},"yoast_head":"<!-- This site is optimized with the Yoast SEO plugin v21.9.1 - https:\/\/yoast.com\/wordpress\/plugins\/seo\/ -->\n<title>REbrain Clinic - hj\u00e6lp til hjernen fysisk, mentalt og kognitivt<\/title>\n<meta name=\"description\" content=\"Rehabilitering efter hjernerystelse, whiplash og mentale traumer. Pr\u00f8v REbrain metoden til din hjernes velv\u00e6re og performance. Kontakt os nu.\" \/>\n<meta name=\"robots\" content=\"index, follow, max-snippet:-1, max-image-preview:large, max-video-preview:-1\" \/>\n<link rel=\"canonical\" href=\"https:\/\/rebrainclinic.com\/dk\/rebrain-metoden\/\" \/>\n<meta property=\"og:locale\" content=\"da_DK\" \/>\n<meta property=\"og:type\" content=\"article\" \/>\n<meta property=\"og:title\" content=\"REbrain Clinic - hj\u00e6lp til hjernen fysisk, mentalt og kognitivt\" \/>\n<meta property=\"og:description\" content=\"Rehabilitering efter hjernerystelse, whiplash og mentale traumer. Pr\u00f8v REbrain metoden til din hjernes velv\u00e6re og performance. Kontakt os nu.\" \/>\n<meta property=\"og:url\" content=\"https:\/\/rebrainclinic.com\/dk\/rebrain-metoden\/\" \/>\n<meta property=\"og:site_name\" content=\"REbrain Clinic\" \/>\n<meta property=\"article:modified_time\" content=\"2020-10-14T14:46:41+00:00\" \/>\n<meta name=\"twitter:card\" content=\"summary_large_image\" \/>\n<meta name=\"twitter:label1\" content=\"Estimeret l\u00e6setid\" \/>\n\t<meta name=\"twitter:data1\" content=\"8 minutter\" \/>\n<script type=\"application\/ld+json\" class=\"yoast-schema-graph\">{\"@context\":\"https:\/\/schema.org\",\"@graph\":[{\"@type\":\"WebPage\",\"@id\":\"https:\/\/rebrainclinic.com\/dk\/rebrain-metoden\/\",\"url\":\"https:\/\/rebrainclinic.com\/dk\/rebrain-metoden\/\",\"name\":\"REbrain Clinic - hj\u00e6lp til hjernen fysisk, mentalt og kognitivt\",\"isPartOf\":{\"@id\":\"https:\/\/rebrainclinic.com\/dk\/#website\"},\"datePublished\":\"2020-08-05T10:32:08+00:00\",\"dateModified\":\"2020-10-14T14:46:41+00:00\",\"description\":\"Rehabilitering efter hjernerystelse, whiplash og mentale traumer. Pr\u00f8v REbrain metoden til din hjernes velv\u00e6re og performance. Kontakt os nu.\",\"breadcrumb\":{\"@id\":\"https:\/\/rebrainclinic.com\/dk\/rebrain-metoden\/#breadcrumb\"},\"inLanguage\":\"da-DK\",\"potentialAction\":[{\"@type\":\"ReadAction\",\"target\":[\"https:\/\/rebrainclinic.com\/dk\/rebrain-metoden\/\"]}]},{\"@type\":\"BreadcrumbList\",\"@id\":\"https:\/\/rebrainclinic.com\/dk\/rebrain-metoden\/#breadcrumb\",\"itemListElement\":[{\"@type\":\"ListItem\",\"position\":1,\"name\":\"Home\",\"item\":\"https:\/\/rebrainclinic.com\/dk\/\"},{\"@type\":\"ListItem\",\"position\":2,\"name\":\"REbrain metoden\"}]},{\"@type\":\"WebSite\",\"@id\":\"https:\/\/rebrainclinic.com\/dk\/#website\",\"url\":\"https:\/\/rebrainclinic.com\/dk\/\",\"name\":\"REbrain Clinic\",\"description\":\"\",\"potentialAction\":[{\"@type\":\"SearchAction\",\"target\":{\"@type\":\"EntryPoint\",\"urlTemplate\":\"https:\/\/rebrainclinic.com\/dk\/?s={search_term_string}\"},\"query-input\":\"required name=search_term_string\"}],\"inLanguage\":\"da-DK\"}]}<\/script>\n<!-- \/ Yoast SEO plugin. -->","yoast_head_json":{"title":"REbrain Clinic - hj\u00e6lp til hjernen fysisk, mentalt og kognitivt","description":"Rehabilitering efter hjernerystelse, whiplash og mentale traumer. Pr\u00f8v REbrain metoden til din hjernes velv\u00e6re og performance. Kontakt os nu.","robots":{"index":"index","follow":"follow","max-snippet":"max-snippet:-1","max-image-preview":"max-image-preview:large","max-video-preview":"max-video-preview:-1"},"canonical":"https:\/\/rebrainclinic.com\/dk\/rebrain-metoden\/","og_locale":"da_DK","og_type":"article","og_title":"REbrain Clinic - hj\u00e6lp til hjernen fysisk, mentalt og kognitivt","og_description":"Rehabilitering efter hjernerystelse, whiplash og mentale traumer. Pr\u00f8v REbrain metoden til din hjernes velv\u00e6re og performance. Kontakt os nu.","og_url":"https:\/\/rebrainclinic.com\/dk\/rebrain-metoden\/","og_site_name":"REbrain Clinic","article_modified_time":"2020-10-14T14:46:41+00:00","twitter_card":"summary_large_image","twitter_misc":{"Estimeret l\u00e6setid":"8 minutter"},"schema":{"@context":"https:\/\/schema.org","@graph":[{"@type":"WebPage","@id":"https:\/\/rebrainclinic.com\/dk\/rebrain-metoden\/","url":"https:\/\/rebrainclinic.com\/dk\/rebrain-metoden\/","name":"REbrain Clinic - hj\u00e6lp til hjernen fysisk, mentalt og kognitivt","isPartOf":{"@id":"https:\/\/rebrainclinic.com\/dk\/#website"},"datePublished":"2020-08-05T10:32:08+00:00","dateModified":"2020-10-14T14:46:41+00:00","description":"Rehabilitering efter hjernerystelse, whiplash og mentale traumer. Pr\u00f8v REbrain metoden til din hjernes velv\u00e6re og performance. Kontakt os nu.","breadcrumb":{"@id":"https:\/\/rebrainclinic.com\/dk\/rebrain-metoden\/#breadcrumb"},"inLanguage":"da-DK","potentialAction":[{"@type":"ReadAction","target":["https:\/\/rebrainclinic.com\/dk\/rebrain-metoden\/"]}]},{"@type":"BreadcrumbList","@id":"https:\/\/rebrainclinic.com\/dk\/rebrain-metoden\/#breadcrumb","itemListElement":[{"@type":"ListItem","position":1,"name":"Home","item":"https:\/\/rebrainclinic.com\/dk\/"},{"@type":"ListItem","position":2,"name":"REbrain metoden"}]},{"@type":"WebSite","@id":"https:\/\/rebrainclinic.com\/dk\/#website","url":"https:\/\/rebrainclinic.com\/dk\/","name":"REbrain Clinic","description":"","potentialAction":[{"@type":"SearchAction","target":{"@type":"EntryPoint","urlTemplate":"https:\/\/rebrainclinic.com\/dk\/?s={search_term_string}"},"query-input":"required name=search_term_string"}],"inLanguage":"da-DK"}]}},"_links":{"self":[{"href":"https:\/\/rebrainclinic.com\/dk\/wp-json\/wp\/v2\/pages\/3569"}],"collection":[{"href":"https:\/\/rebrainclinic.com\/dk\/wp-json\/wp\/v2\/pages"}],"about":[{"href":"https:\/\/rebrainclinic.com\/dk\/wp-json\/wp\/v2\/types\/page"}],"author":[{"embeddable":true,"href":"https:\/\/rebrainclinic.com\/dk\/wp-json\/wp\/v2\/users\/3"}],"replies":[{"embeddable":true,"href":"https:\/\/rebrainclinic.com\/dk\/wp-json\/wp\/v2\/comments?post=3569"}],"version-history":[{"count":5,"href":"https:\/\/rebrainclinic.com\/dk\/wp-json\/wp\/v2\/pages\/3569\/revisions"}],"predecessor-version":[{"id":4203,"href":"https:\/\/rebrainclinic.com\/dk\/wp-json\/wp\/v2\/pages\/3569\/revisions\/4203"}],"wp:attachment":[{"href":"https:\/\/rebrainclinic.com\/dk\/wp-json\/wp\/v2\/media?parent=3569"}],"curies":[{"name":"wp","href":"https:\/\/api.w.org\/{rel}","templated":true}]}}