{"id":2518,"date":"2020-06-23T19:07:44","date_gmt":"2020-06-23T17:07:44","guid":{"rendered":"https:\/\/rebrainclinic.com\/?page_id=2518"},"modified":"2020-10-01T12:56:42","modified_gmt":"2020-10-01T10:56:42","slug":"fysisk-rehabilitering","status":"publish","type":"page","link":"https:\/\/rebrainclinic.com\/dk\/fysisk-rehabilitering\/","title":{"rendered":"Fysisk REHABilitering"},"content":{"rendered":"<div class=\"fusion-fullwidth fullwidth-box fusion-builder-row-1 nonhundred-percent-fullwidth non-hundred-percent-height-scrolling\" style=\"--awb-border-radius-top-left:0px;--awb-border-radius-top-right:0px;--awb-border-radius-bottom-right:0px;--awb-border-radius-bottom-left:0px;--awb-padding-bottom:10px;--awb-margin-top:70px;--awb-flex-wrap:wrap;\" ><div class=\"fusion-builder-row fusion-row\"><div class=\"fusion-layout-column fusion_builder_column fusion-builder-column-0 fusion_builder_column_1_1 1_1 fusion-one-full fusion-column-first fusion-column-last\" style=\"--awb-bg-size:cover;\"><div class=\"fusion-column-wrapper fusion-column-has-shadow fusion-flex-column-wrapper-legacy\"><div class=\"fusion-title title fusion-title-1 fusion-sep-none fusion-title-center fusion-title-text fusion-title-size-one\" style=\"--awb-text-color:#ffffff;--awb-margin-top:100px;--awb-font-size:10px;\"><h1 class=\"fusion-title-heading title-heading-center fusion-responsive-typography-calculated\" style=\"margin:0;font-size:1em;--fontSize:10;--minFontSize:10;line-height:1.16;\"><h1>FYSISK REHAB<\/h1>\n<h1>Sk\u00e5nsom manuel terapi, samsyn- og hjernetr\u00e6ning i et intensivt struktureret genoptr\u00e6ningsforl\u00f8b efter nakkeskade og mild traumatisk hjerneskade<\/h1><\/h1><\/div><div class=\"fusion-clearfix\"><\/div><\/div><\/div><\/div><\/div><div class=\"fusion-fullwidth fullwidth-box fusion-builder-row-2 nonhundred-percent-fullwidth non-hundred-percent-height-scrolling fusion-equal-height-columns\" style=\"--link_hover_color: #70cfef;--link_color: #70cfef;--awb-border-radius-top-left:0px;--awb-border-radius-top-right:0px;--awb-border-radius-bottom-right:0px;--awb-border-radius-bottom-left:0px;--awb-background-color:rgba(203,125,89,0);--awb-flex-wrap:wrap;\" ><div class=\"fusion-builder-row fusion-row\"><div class=\"fusion-layout-column fusion_builder_column fusion-builder-column-1 fusion_builder_column_1_1 1_1 fusion-one-full fusion-column-first fusion-column-last\" style=\"--awb-bg-size:cover;\"><div class=\"fusion-column-wrapper fusion-column-has-shadow fusion-flex-column-wrapper-legacy\"><div class=\"fusion-text fusion-text-1\"><h3 class=\"fusion-responsive-typography-calculated\" style=\"--fontsize: 28; line-height: 1.3; --fontSize:28; font-size: 27.7657px;\" data-fontsize=\"28\" data-lineheight=\"36.4px\" data-fusion-font=\"true\">Manuel terapi<\/h3>\n<p><img decoding=\"async\" class=\"alignnone wp-image-1899 size-full\" src=\"https:\/\/rebrainclinic.com\/wp-content\/uploads\/2020\/06\/DET-BLOEDE-VAEV-40x40-1.png\" alt=\"Manuel terapi\" width=\"130\" height=\"130\"><\/p>\n<p>Manuel terapi er en samlebetegnelse for \u201dbehandling med h\u00e6nderne\u201d, som fysioterapi, kiropraktik og osteopati.<\/p>\n<p>Osteopati<\/p>\n<p>Osteopati er en mere end 100 \u00e5r gammel metode indenfor manuel terapi, men den er ikke s\u00e5 udbredt i Danmark. Osteopati er meget anvendelig til at behandle bindev\u00e6vsskader og dermed nakkeskader. Det bl\u00f8de v\u00e6v i nakkeregionen, kan have trukket sig s\u00e5 meget sammen ved ulykken, at muskler og fascier fortsat er forkrampede efter 4-5 m\u00e5neder. Vi har gode erfaringer med at starte behandlingen netop her, med meget blide osteopatiske release-teknikker, s\u00e5 dit bindev\u00e6v ikke blokerer flow i hals- og nakke-regionen. Osteopati er nu godkendt til at h\u00f8re under sundhedstyrelsen. Kontakt os nu for behandling med osteopati. Vi har gode erfaringer med at kombinere osteopati med andre former for manuel terapi.<\/p>\n<p><b><span data-contrast=\"auto\">Fysioterapi<br \/>\n<\/span><\/b><\/p>\n<p><b>F<span data-contrast=\"auto\">ysioterapeuter<\/span> kan l<\/b><span data-contrast=\"auto\">ave et m\u00e5lrettet <\/span><span data-contrast=\"auto\">nakke-<\/span><span data-contrast=\"auto\">genoptr\u00e6ningsprogram til dig, hvor vi skaber <\/span><span data-contrast=\"auto\">blodgennemstr\u00f8mning<\/span><span data-contrast=\"auto\">, med fokus p\u00e5 at undg\u00e5 over<\/span><span data-contrast=\"auto\">anstrengelse<\/span><span data-contrast=\"auto\">.<br \/>\n<\/span><\/p>\n<p><img decoding=\"async\" class=\"alignnone wp-image-1908 size-full\" src=\"https:\/\/rebrainclinic.com\/wp-content\/uploads\/2020\/06\/RYGHVIRVLER-40x40-1.png\" alt=\"Kiropraktik og anden behandling af rygs\u00f8jlen\" width=\"130\" height=\"130\"><img decoding=\"async\" class=\"alignnone size-full wp-image-1895\" src=\"https:\/\/rebrainclinic.com\/wp-content\/uploads\/2020\/06\/AUTONOMENERVE-SYSTEM-40x40-1.png\" alt=\"\" width=\"130\" height=\"130\"><\/p>\n<p><b><span data-contrast=\"auto\">Kiropraktik er effektivt for s<\/span><\/b><b><span data-contrast=\"auto\">kader omkring rygs\u00f8jlen, for eksempel <\/span><\/b><span data-contrast=\"auto\">til ryghvirvler, som enten er l\u00e5st fast, er forskubbet (<\/span><span data-contrast=\"auto\">listese<\/span><span data-contrast=\"auto\">), eller klemmer p\u00e5 nerver. En g<\/span><span data-contrast=\"auto\">od scanning i afsl\u00f8rende stillinger er afg\u00f8rende for at lokalisere skader, der efterf\u00f8lgende kan repareres med kiropraktik, s\u00e5 gennemstr\u00f8mningen af blod og cerebrospinalv\u00e6ske gennem rygs\u00f8jlen kan <\/span><span data-contrast=\"auto\"> genoprette<\/span><span data-contrast=\"auto\">s.<\/span> <span data-contrast=\"auto\">At s\u00e6tte rygs\u00f8jlen p\u00e5 plads efter <\/span><span data-contrast=\"auto\">piskesm\u00e6lds-nakkeskade <\/span><span data-contrast=\"auto\">skade bidrager til en bedre <\/span><span data-contrast=\"auto\">balance <\/span><span data-contrast=\"auto\">i<\/span><span data-contrast=\"auto\"> det automatiske (autonome) nervesystem, som <\/span><span data-contrast=\"auto\">er vidt forgrenet fra <\/span><span data-contrast=\"auto\">rygs\u00f8jlen <\/span><span data-contrast=\"auto\">og <\/span><span data-contrast=\"auto\">ud til <\/span><span data-contrast=\"auto\">organerne. <\/span><\/p>\n<p><span data-contrast=\"auto\"><br \/><\/span><\/p>\n<p data-fusion-font=\"true\" style=\"font-size: 27.7657px;\">Andre fysiske behandlinger<\/p>\n<p><img decoding=\"async\" class=\"alignnone wp-image-1909 size-full\" src=\"https:\/\/rebrainclinic.com\/wp-content\/uploads\/2020\/06\/SMERTE-40x40-1.png\" alt=\"Smertebehandling\" width=\"130\" height=\"130\"><\/p>\n<p><span data-contrast=\"auto\">REbrain Clinic har stor viden om smertemekanismer p\u00e5 celleplan. Tilbyder helt naturlige tiltag. <\/span><\/p>\n<p><img decoding=\"async\" class=\"alignnone wp-image-1903 size-full\" src=\"https:\/\/rebrainclinic.com\/wp-content\/uploads\/2020\/06\/KAEBE-40x40-1.png\" alt=\"Problemer med t\u00e6nder og k\u00e6be efter hjerne- nakke-skader\" width=\"130\" height=\"130\"><\/p>\n<p><span data-contrast=\"auto\">F\u00e5 styr p\u00e5 din k\u00e6be og dit bid. Det kr\u00e6ver en specialtandl\u00e6ge med forstand p\u00e5 <\/span><span data-contrast=\"auto\">tempomandul\u00e6re<\/span><span data-contrast=\"auto\"> lidelser, der kan opst\u00e5 efter nakkeskader<\/span><span data-contrast=\"auto\"> (<\/span><span data-contrast=\"auto\"><a href=\"https:\/\/pubmed.ncbi.nlm.nih.gov\/28483470\/\">3a<\/a><\/span><span data-contrast=\"auto\">, <a href=\"https:\/\/pubmed.ncbi.nlm.nih.gov\/24443899\/\">3b<\/a>). Har du <\/span><span data-contrast=\"auto\">v\u00e6ret udsat for direkte<\/span><span data-contrast=\"auto\"> hovedst\u00f8d, kan du kan have kn\u00e6kkede t\u00e6nder.<\/span><\/p>\n<p><img decoding=\"async\" class=\"alignnone wp-image-1911 size-full\" src=\"https:\/\/rebrainclinic.com\/wp-content\/uploads\/2020\/06\/SYN-40x40-1.png\" alt=\"Syns funktionstest og samsynstr\u00e6ning\" width=\"130\" height=\"130\"><\/p>\n<p><span data-contrast=\"auto\">Samsynet kan p\u00e5virkes under piskesm\u00e6ld og hjernerystelse. <\/span><span data-contrast=\"auto\">Vi tilbyder dokumenteret <\/span><span data-contrast=\"none\"><a href=\"https:\/\/rebrainclinic.com\/dk\/samsynstraening\/\">samsynstr\u00e6ning<\/a>,<\/span><span data-contrast=\"auto\"> som gavner hjernen (<\/span><a href=\"https:\/\/doi.org\/10.1682\/jrrd.2012.12.0235\"><span data-contrast=\"auto\">1<\/span><span data-contrast=\"auto\">a<\/span><\/a><span data-contrast=\"auto\">, <a href=\"https:\/\/www.rehab.research.va.gov\/jour\/2014\/512\/page175.html\">1b<\/a>)<\/span><span data-contrast=\"auto\">.<\/span><\/p>\n<p><img decoding=\"async\" class=\"alignnone wp-image-1901 size-full\" src=\"https:\/\/rebrainclinic.com\/wp-content\/uploads\/2020\/06\/HJERNEBOELGER-40x40-1.png\" alt=\"EEG neurofeedback hjernetr\u00e6ning\" width=\"130\" height=\"130\"><\/p>\n<p><span data-contrast=\"auto\">Hjernetr\u00e6ning <\/span><span data-contrast=\"auto\">med dokumenteret <\/span><a href=\"https:\/\/rebrainclinic.com\/dk\/eeg-neurofeedback-hjernetraening\/\"><span data-contrast=\"none\">EEG neurofeedback<\/span><\/a><span data-contrast=\"auto\"> tilbydes (<a href=\"https:\/\/journals.sagepub.com\/doi\/10.1177\/1550059416654849\">2a<\/a>, <a href=\"https:\/\/pubmed.ncbi.nlm.nih.gov\/15493535\/\">2b<\/a>, <a href=\"https:\/\/journals.sagepub.com\/doi\/full\/10.1177\/1550059417744899\">2c<\/a>). Vi tilbyder den mest precise metode med forudg\u00e5ende <\/span><a href=\"https:\/\/rebrainclinic.com\/dk\/qeeg\/\"><span data-contrast=\"none\">QEEG <\/span><span data-contrast=\"none\">brain<\/span> <span data-contrast=\"none\">mapping<\/span><\/a>, og tr\u00e6nings-data holdes op imod de st\u00f8rste databaser (med tal for normal hjernefunktion). Egentlig ligger EEG neurofeedback metoden i gr\u00e6nseomr\u00e5det mellem FYSISK-, CELLE-, MENTAL- (kognitiv) REHABILITERING.  L\u00e6s mere under hver af disse SERVICES eller f\u00e5 et overblik over REbrain metoden.   <\/p>\n<\/div><div class=\"fusion-clearfix\"><\/div><\/div><\/div><\/div><\/div><div class=\"fusion-fullwidth fullwidth-box fusion-builder-row-3 nonhundred-percent-fullwidth non-hundred-percent-height-scrolling fusion-equal-height-columns\" style=\"--link_hover_color: #70cfef;--link_color: #70cfef;--awb-border-radius-top-left:0px;--awb-border-radius-top-right:0px;--awb-border-radius-bottom-right:0px;--awb-border-radius-bottom-left:0px;--awb-background-color:rgba(203,125,89,0);--awb-flex-wrap:wrap;\" ><div class=\"fusion-builder-row fusion-row\"><div class=\"fusion-layout-column fusion_builder_column fusion-builder-column-2 fusion_builder_column_1_1 1_1 fusion-one-full fusion-column-first fusion-column-last\" style=\"--awb-bg-size:cover;\"><div class=\"fusion-column-wrapper fusion-column-has-shadow fusion-flex-column-wrapper-legacy\"><div class=\"fusion-title title fusion-title-2 fusion-sep-none fusion-title-text fusion-title-size-two\" style=\"--awb-text-color:#ffffff;--awb-margin-top:60px;--awb-margin-bottom:20px;--awb-margin-top-small:30px;\"><h2 class=\"fusion-title-heading title-heading-left fusion-responsive-typography-calculated\" style=\"font-family:&quot;Montserrat&quot;;font-style:normal;font-weight:600;margin:0;--fontSize:35;line-height:1.2;\"><h2 style=\"text-align: center;\"><span lang=\"DA-DK\" xml:lang=\"DA-DK\" data-contrast=\"none\"><span data-ccp-props=\"{\"><span class=\"TextRun BCX2 SCXW43170491\" lang=\"DA-DK\" xml:lang=\"DA-DK\" data-contrast=\"auto\"><span class=\"NormalTextRun BCX2 SCXW43170491\">REbrain metoden<br \/>Vi anbefaler en intensiv og bred rehabilitering<br \/><\/span><\/span><\/span><\/span><\/h2><\/h2><\/div><div class=\"fusion-sep-clear\"><\/div><div class=\"fusion-separator\" style=\"margin-left: auto;margin-right: auto;width:100%;max-width:200px;\"><div class=\"fusion-separator-border sep-single sep-solid\" style=\"--awb-height:20px;--awb-amount:20px;--awb-sep-color:#ffffff;border-color:#ffffff;border-top-width:3px;\"><\/div><\/div><div class=\"fusion-sep-clear\"><\/div><div class=\"fusion-sep-clear\"><\/div><div class=\"fusion-separator fusion-clearfix\" style=\"float:left;margin-bottom:25px;width:100%;max-width:100px;\"><\/div><div class=\"fusion-sep-clear\"><\/div><div class=\"fusion-image-element in-legacy-container\" style=\"--awb-caption-title-font-family:var(--h2_typography-font-family);--awb-caption-title-font-weight:var(--h2_typography-font-weight);--awb-caption-title-font-style:var(--h2_typography-font-style);--awb-caption-title-size:var(--h2_typography-font-size);--awb-caption-title-transform:var(--h2_typography-text-transform);--awb-caption-title-line-height:var(--h2_typography-line-height);--awb-caption-title-letter-spacing:var(--h2_typography-letter-spacing);\"><span class=\" fusion-imageframe imageframe-none imageframe-1 hover-type-none\"><a class=\"fusion-no-lightbox\" href=\"https:\/\/rebrainclinic.com\/dk\/fysisk-rehabilitering\/\" target=\"_self\" aria-label=\"alle tilstande\"><img decoding=\"async\" width=\"1200\" height=\"690\" alt=\"Brug for manuel terapi? Intensiver med din behandling med flere samtidige metoder hos REbrain Clininc\" src=\"https:\/\/rebrainclinic.com\/wp-content\/uploads\/2020\/06\/alle-tiltag-2.png\" class=\"img-responsive wp-image-2531\"\/><\/a><\/span><\/div><div class=\"fusion-text fusion-text-2\"><h4 style=\"text-align: center;\">L\u00e6s mere om <a href=\"https:\/\/rebrainclinic.com\/dk\/rebrain-metoden\/\">REbrain metoden<\/a><\/h4>\n<\/div><div class=\"fusion-clearfix\"><\/div><\/div><\/div><\/div><\/div><div class=\"fusion-fullwidth fullwidth-box fusion-builder-row-4 nonhundred-percent-fullwidth non-hundred-percent-height-scrolling fusion-equal-height-columns\" style=\"--link_hover_color: #70cfef;--link_color: #70cfef;--awb-border-radius-top-left:0px;--awb-border-radius-top-right:0px;--awb-border-radius-bottom-right:0px;--awb-border-radius-bottom-left:0px;--awb-background-color:#bc8b74;--awb-flex-wrap:wrap;\" ><div class=\"fusion-builder-row fusion-row\"><div class=\"fusion-layout-column fusion_builder_column fusion-builder-column-3 fusion_builder_column_1_1 1_1 fusion-one-full fusion-column-first fusion-column-last\" style=\"--awb-bg-size:cover;\"><div class=\"fusion-column-wrapper fusion-column-has-shadow fusion-flex-column-wrapper-legacy\"><div class=\"fusion-title title fusion-title-3 fusion-sep-none fusion-title-text fusion-title-size-two\" style=\"--awb-text-color:#ffffff;--awb-margin-top:60px;--awb-margin-bottom:20px;--awb-margin-top-small:30px;\"><h2 class=\"fusion-title-heading title-heading-left fusion-responsive-typography-calculated\" style=\"font-family:&quot;Montserrat&quot;;font-style:normal;font-weight:600;margin:0;--fontSize:35;line-height:1.2;\"><h2 style=\"text-align: center;\"><span lang=\"DA-DK\" xml:lang=\"DA-DK\" data-contrast=\"none\"><span data-ccp-props=\"{\"><span class=\"TextRun BCX2 SCXW43170491\" lang=\"DA-DK\" xml:lang=\"DA-DK\" data-contrast=\"auto\"><span class=\"NormalTextRun BCX2 SCXW43170491\">Lad os r\u00e5dgive dig ud fra REbrain Clinics intensive og holistiske rehabiliteringstilgang\u00a0<\/span><\/span><\/span><\/span><\/h2><\/h2><\/div><div class=\"fusion-sep-clear\"><\/div><div class=\"fusion-separator\" style=\"margin-left: auto;margin-right: auto;width:100%;max-width:200px;\"><div class=\"fusion-separator-border sep-single sep-solid\" style=\"--awb-height:20px;--awb-amount:20px;--awb-sep-color:#ffffff;border-color:#ffffff;border-top-width:3px;\"><\/div><\/div><div class=\"fusion-sep-clear\"><\/div><div class=\"fusion-sep-clear\"><\/div><div class=\"fusion-separator fusion-clearfix\" style=\"float:left;margin-bottom:25px;width:100%;max-width:100px;\"><\/div><div class=\"fusion-sep-clear\"><\/div><div class=\"fusion-text fusion-text-3\"><p style=\"text-align: center;\">Udover FYSISK REHABILITERING beskrevet p\u00e5 denne side, tilbydes du:<\/p>\n<p style=\"text-align: center;\">CELLE REHABILITERING: inkl. hj\u00e6lp til <a href=\"https:\/\/rebrainclinic.com\/dk\/hjernerigtig-kost-tarm-vagus\/\">kost, tarm, vagusnerve<\/a><\/p>\n<p style=\"text-align: center;\">MENTAL REHABILITERING: <a href=\"https:\/\/rebrainclinic.com\/dk\/traumebehandling\/\">hvis du ogs\u00e5 har et traume i bagagen<br \/>\n<\/a><\/p>\n<\/div><div class=\"fusion-sep-clear\"><\/div><div class=\"fusion-separator\" style=\"margin-left: auto;margin-right: auto;margin-bottom:30px;width:100%;max-width:200px;\"><\/div><div class=\"fusion-sep-clear\"><\/div><div class=\"fusion-aligncenter\"><a class=\"fusion-button button-flat button-xlarge button-custom fusion-button-default button-1 fusion-button-default-span fusion-button-default-type\" style=\"--button_accent_color:#ffffff;--button_accent_hover_color:#ffffff;--button_border_hover_color:#ffffff;--button_border_width-top:5px;--button_border_width-right:5px;--button_border_width-bottom:5px;--button_border_width-left:5px;--button_gradient_top_color:#70cfef;--button_gradient_bottom_color:#70cfef;--button_gradient_top_color_hover:#3bc2ef;--button_gradient_bottom_color_hover:#3bc2ef;\" target=\"_self\" href=\"https:\/\/rebrainclinic.com\/dk\/faa-hjaelp-nu\/\"><span class=\"fusion-button-text\">Kontakt os nu <\/span><\/a><\/div><div class=\"fusion-sep-clear\"><\/div><div class=\"fusion-separator\" style=\"margin-left: auto;margin-right: auto;margin-bottom:30px;width:100%;max-width:200px;\"><\/div><div class=\"fusion-sep-clear\"><\/div><div class=\"fusion-clearfix\"><\/div><\/div><\/div><\/div><\/div>\n","protected":false},"excerpt":{"rendered":"","protected":false},"author":3,"featured_media":0,"parent":0,"menu_order":0,"comment_status":"closed","ping_status":"closed","template":"100-width.php","meta":{"footnotes":""},"yoast_head":"<!-- This site is optimized with the Yoast SEO plugin v21.9.1 - https:\/\/yoast.com\/wordpress\/plugins\/seo\/ -->\n<title>Brug for manuel terapi? Intensiver med flere metoder - REbrain Clinic<\/title>\n<meta name=\"description\" content=\"Er du g\u00e5et i st\u00e5 med rehabilitering efter piskesm\u00e6ld og mild traumatisk hjerneskade? V\u00e6lg et intensivt &quot;bredt&quot; forl\u00f8b inklusiv manuel terapi. Kontakt os nu.\" \/>\n<meta name=\"robots\" content=\"index, follow, max-snippet:-1, max-image-preview:large, max-video-preview:-1\" \/>\n<link rel=\"canonical\" href=\"https:\/\/rebrainclinic.com\/dk\/fysisk-rehabilitering\/\" \/>\n<meta property=\"og:locale\" content=\"da_DK\" \/>\n<meta property=\"og:type\" content=\"article\" \/>\n<meta property=\"og:title\" content=\"Brug for manuel terapi? Intensiver med flere metoder - REbrain Clinic\" \/>\n<meta property=\"og:description\" content=\"Er du g\u00e5et i st\u00e5 med rehabilitering efter piskesm\u00e6ld og mild traumatisk hjerneskade? V\u00e6lg et intensivt &quot;bredt&quot; forl\u00f8b inklusiv manuel terapi. Kontakt os nu.\" \/>\n<meta property=\"og:url\" content=\"https:\/\/rebrainclinic.com\/dk\/fysisk-rehabilitering\/\" \/>\n<meta property=\"og:site_name\" content=\"REbrain Clinic\" \/>\n<meta property=\"article:modified_time\" content=\"2020-10-01T10:56:42+00:00\" \/>\n<meta property=\"og:image\" content=\"https:\/\/rebrainclinic.com\/wp-content\/uploads\/2020\/06\/DET-BLOEDE-VAEV-40x40-1.png\" \/>\n<meta name=\"twitter:card\" content=\"summary_large_image\" \/>\n<meta name=\"twitter:label1\" content=\"Estimeret l\u00e6setid\" \/>\n\t<meta name=\"twitter:data1\" content=\"14 minutter\" \/>\n<script type=\"application\/ld+json\" class=\"yoast-schema-graph\">{\"@context\":\"https:\/\/schema.org\",\"@graph\":[{\"@type\":\"WebPage\",\"@id\":\"https:\/\/rebrainclinic.com\/dk\/fysisk-rehabilitering\/\",\"url\":\"https:\/\/rebrainclinic.com\/dk\/fysisk-rehabilitering\/\",\"name\":\"Brug for manuel terapi? Intensiver med flere metoder - REbrain Clinic\",\"isPartOf\":{\"@id\":\"https:\/\/rebrainclinic.com\/dk\/#website\"},\"datePublished\":\"2020-06-23T17:07:44+00:00\",\"dateModified\":\"2020-10-01T10:56:42+00:00\",\"description\":\"Er du g\u00e5et i st\u00e5 med rehabilitering efter piskesm\u00e6ld og mild traumatisk hjerneskade? V\u00e6lg et intensivt \\\"bredt\\\" forl\u00f8b inklusiv manuel terapi. Kontakt os nu.\",\"breadcrumb\":{\"@id\":\"https:\/\/rebrainclinic.com\/dk\/fysisk-rehabilitering\/#breadcrumb\"},\"inLanguage\":\"da-DK\",\"potentialAction\":[{\"@type\":\"ReadAction\",\"target\":[\"https:\/\/rebrainclinic.com\/dk\/fysisk-rehabilitering\/\"]}]},{\"@type\":\"BreadcrumbList\",\"@id\":\"https:\/\/rebrainclinic.com\/dk\/fysisk-rehabilitering\/#breadcrumb\",\"itemListElement\":[{\"@type\":\"ListItem\",\"position\":1,\"name\":\"Home\",\"item\":\"https:\/\/rebrainclinic.com\/dk\/\"},{\"@type\":\"ListItem\",\"position\":2,\"name\":\"Fysisk REHABilitering\"}]},{\"@type\":\"WebSite\",\"@id\":\"https:\/\/rebrainclinic.com\/dk\/#website\",\"url\":\"https:\/\/rebrainclinic.com\/dk\/\",\"name\":\"REbrain Clinic\",\"description\":\"\",\"potentialAction\":[{\"@type\":\"SearchAction\",\"target\":{\"@type\":\"EntryPoint\",\"urlTemplate\":\"https:\/\/rebrainclinic.com\/dk\/?s={search_term_string}\"},\"query-input\":\"required name=search_term_string\"}],\"inLanguage\":\"da-DK\"}]}<\/script>\n<!-- \/ Yoast SEO plugin. -->","yoast_head_json":{"title":"Brug for manuel terapi? Intensiver med flere metoder - REbrain Clinic","description":"Er du g\u00e5et i st\u00e5 med rehabilitering efter piskesm\u00e6ld og mild traumatisk hjerneskade? V\u00e6lg et intensivt \"bredt\" forl\u00f8b inklusiv manuel terapi. Kontakt os nu.","robots":{"index":"index","follow":"follow","max-snippet":"max-snippet:-1","max-image-preview":"max-image-preview:large","max-video-preview":"max-video-preview:-1"},"canonical":"https:\/\/rebrainclinic.com\/dk\/fysisk-rehabilitering\/","og_locale":"da_DK","og_type":"article","og_title":"Brug for manuel terapi? Intensiver med flere metoder - REbrain Clinic","og_description":"Er du g\u00e5et i st\u00e5 med rehabilitering efter piskesm\u00e6ld og mild traumatisk hjerneskade? V\u00e6lg et intensivt \"bredt\" forl\u00f8b inklusiv manuel terapi. Kontakt os nu.","og_url":"https:\/\/rebrainclinic.com\/dk\/fysisk-rehabilitering\/","og_site_name":"REbrain Clinic","article_modified_time":"2020-10-01T10:56:42+00:00","og_image":[{"url":"https:\/\/rebrainclinic.com\/wp-content\/uploads\/2020\/06\/DET-BLOEDE-VAEV-40x40-1.png"}],"twitter_card":"summary_large_image","twitter_misc":{"Estimeret l\u00e6setid":"14 minutter"},"schema":{"@context":"https:\/\/schema.org","@graph":[{"@type":"WebPage","@id":"https:\/\/rebrainclinic.com\/dk\/fysisk-rehabilitering\/","url":"https:\/\/rebrainclinic.com\/dk\/fysisk-rehabilitering\/","name":"Brug for manuel terapi? Intensiver med flere metoder - REbrain Clinic","isPartOf":{"@id":"https:\/\/rebrainclinic.com\/dk\/#website"},"datePublished":"2020-06-23T17:07:44+00:00","dateModified":"2020-10-01T10:56:42+00:00","description":"Er du g\u00e5et i st\u00e5 med rehabilitering efter piskesm\u00e6ld og mild traumatisk hjerneskade? V\u00e6lg et intensivt \"bredt\" forl\u00f8b inklusiv manuel terapi. Kontakt os nu.","breadcrumb":{"@id":"https:\/\/rebrainclinic.com\/dk\/fysisk-rehabilitering\/#breadcrumb"},"inLanguage":"da-DK","potentialAction":[{"@type":"ReadAction","target":["https:\/\/rebrainclinic.com\/dk\/fysisk-rehabilitering\/"]}]},{"@type":"BreadcrumbList","@id":"https:\/\/rebrainclinic.com\/dk\/fysisk-rehabilitering\/#breadcrumb","itemListElement":[{"@type":"ListItem","position":1,"name":"Home","item":"https:\/\/rebrainclinic.com\/dk\/"},{"@type":"ListItem","position":2,"name":"Fysisk REHABilitering"}]},{"@type":"WebSite","@id":"https:\/\/rebrainclinic.com\/dk\/#website","url":"https:\/\/rebrainclinic.com\/dk\/","name":"REbrain Clinic","description":"","potentialAction":[{"@type":"SearchAction","target":{"@type":"EntryPoint","urlTemplate":"https:\/\/rebrainclinic.com\/dk\/?s={search_term_string}"},"query-input":"required name=search_term_string"}],"inLanguage":"da-DK"}]}},"_links":{"self":[{"href":"https:\/\/rebrainclinic.com\/dk\/wp-json\/wp\/v2\/pages\/2518"}],"collection":[{"href":"https:\/\/rebrainclinic.com\/dk\/wp-json\/wp\/v2\/pages"}],"about":[{"href":"https:\/\/rebrainclinic.com\/dk\/wp-json\/wp\/v2\/types\/page"}],"author":[{"embeddable":true,"href":"https:\/\/rebrainclinic.com\/dk\/wp-json\/wp\/v2\/users\/3"}],"replies":[{"embeddable":true,"href":"https:\/\/rebrainclinic.com\/dk\/wp-json\/wp\/v2\/comments?post=2518"}],"version-history":[{"count":5,"href":"https:\/\/rebrainclinic.com\/dk\/wp-json\/wp\/v2\/pages\/2518\/revisions"}],"predecessor-version":[{"id":4018,"href":"https:\/\/rebrainclinic.com\/dk\/wp-json\/wp\/v2\/pages\/2518\/revisions\/4018"}],"wp:attachment":[{"href":"https:\/\/rebrainclinic.com\/dk\/wp-json\/wp\/v2\/media?parent=2518"}],"curies":[{"name":"wp","href":"https:\/\/api.w.org\/{rel}","templated":true}]}}