{"id":1361,"date":"2020-05-08T19:32:15","date_gmt":"2020-05-08T17:32:15","guid":{"rendered":"https:\/\/rebrainclinic.com\/?page_id=1361"},"modified":"2024-01-26T12:29:54","modified_gmt":"2024-01-26T11:29:54","slug":"om-stifter","status":"publish","type":"page","link":"https:\/\/rebrainclinic.com\/dk\/om-stifter\/","title":{"rendered":"Om stifter"},"content":{"rendered":"<div class=\"fusion-fullwidth fullwidth-box fusion-builder-row-1 nonhundred-percent-fullwidth non-hundred-percent-height-scrolling\" style=\"--awb-border-radius-top-left:0px;--awb-border-radius-top-right:0px;--awb-border-radius-bottom-right:0px;--awb-border-radius-bottom-left:0px;--awb-margin-top:70px;--awb-flex-wrap:wrap;\" ><div class=\"fusion-builder-row fusion-row\"><div class=\"fusion-layout-column fusion_builder_column fusion-builder-column-0 fusion_builder_column_1_1 1_1 fusion-one-full fusion-column-first fusion-column-last\" style=\"--awb-bg-size:cover;\"><div class=\"fusion-column-wrapper fusion-column-has-shadow fusion-flex-column-wrapper-legacy\"><div class=\"fusion-title title fusion-title-1 fusion-sep-none fusion-title-center fusion-title-text fusion-title-size-one\" style=\"--awb-text-color:#ffffff;--awb-margin-top:100px;--awb-font-size:10px;\"><h1 class=\"fusion-title-heading title-heading-center fusion-responsive-typography-calculated\" style=\"margin:0;font-size:1em;--fontSize:10;--minFontSize:10;line-height:1.16;\"><h1 style=\"text-align: center;\"><span style=\"color: #ffffff;\">Stifters historie<\/span><\/h1><\/h1><\/div><div class=\"fusion-clearfix\"><\/div><\/div><\/div><\/div><\/div><div class=\"fusion-fullwidth fullwidth-box fusion-builder-row-2 add_theme_support( &#039;align-wide&#039; ); nonhundred-percent-fullwidth non-hundred-percent-height-scrolling\" style=\"--link_hover_color: #70cfef;--link_color: #70cfef;--awb-border-radius-top-left:0px;--awb-border-radius-top-right:0px;--awb-border-radius-bottom-right:0px;--awb-border-radius-bottom-left:0px;--awb-background-color:rgba(188,139,116,0);--awb-flex-wrap:wrap;\" ><div class=\"fusion-builder-row fusion-row\"><div class=\"fusion-layout-column fusion_builder_column fusion-builder-column-1 fusion_builder_column_1_1 1_1 fusion-one-full fusion-column-first fusion-column-last\" style=\"--awb-bg-color:rgba(233,30,99,0);--awb-bg-color-hover:rgba(233,30,99,0);--awb-bg-size:cover;\"><div class=\"fusion-column-wrapper fusion-column-has-shadow fusion-flex-column-wrapper-legacy\"><div class=\"fusion-title title fusion-title-2 fusion-sep-none fusion-title-center fusion-title-text fusion-title-size-two\" style=\"--awb-text-color:#ffffff;--awb-margin-top:60px;--awb-margin-bottom:20px;--awb-margin-top-small:30px;\"><h2 class=\"fusion-title-heading title-heading-center fusion-responsive-typography-calculated\" style=\"font-family:&quot;Montserrat&quot;;font-style:normal;font-weight:600;margin:0;--fontSize:35;line-height:1.2;\"><h3 style=\"text-align: center;\">Marianne Sandberg: Jeg g\u00f8r det af taknemmelighed, nysg\u00e6rrighed og et \u00f8nske om at hj\u00e6lpe<\/h3><\/h2><\/div><div class=\"fusion-clearfix\"><\/div><\/div><\/div><div class=\"fusion-layout-column fusion_builder_column fusion-builder-column-2 fusion_builder_column_1_1 1_1 fusion-one-full fusion-column-first fusion-column-last\" style=\"--awb-bg-size:cover;\"><div class=\"fusion-column-wrapper fusion-column-has-shadow fusion-flex-column-wrapper-legacy\"><div class=\"fusion-text fusion-text-1\"><p><span style=\"color: #ffffff;\"><img decoding=\"async\" class=\"wp-image-2239 alignright\" src=\"https:\/\/rebrainclinic.com\/wp-content\/uploads\/2020\/06\/Stifter-Marianne-Sandberg-1.jpg\" alt=\"\" width=\"452\" height=\"437\" \/><\/span>I en familie med en hjernerystelsesramt bet\u00f8d det noget tilbage i 2007, at der ikke var hj\u00e6lp at hente, uanset vi havde kunne betale for det selv.<\/p>\n<p>Vi VILLE BARE IKKE GIVE OP. Det f\u00f8rste problem var, at Skaderne var usynlige p\u00e5 CT- og MR-scanning og at behandlingforl\u00f8b ikke blev tilbudt. Det kunne ikke passe!!<\/p>\n<p>Heldigvis er jeg civilingeni\u00f8r biotek med mange medicinske fag p\u00e5 universitetet, og har forsket i tarmbakterier. Jeg havde\u00a0 l\u00e6st videnskabelige forskningsartikler tidligere, s\u00e5 hvorfor ikke studere hjernevidenskab?<\/p>\n<p>S\u00f8gte efter udlandsk viden om hjernerystelse, s\u00e5dan helt ned p\u00e5 celleplan. Samtidig rejste verden rundt for at m\u00f8de l\u00e6gerne bag videnskabsartiklerne. De havde jo lavet arbejdet. Is\u00e6r de nye skannings- og behandlings-metoder, som gav mening i forhold til de mange artikler, jeg efterh\u00e5nden havde l\u00e6st.<\/p>\n<p>\u00c9n klinik havde forsket i rehabilitering af hjerneskadede amerikanske NFL-fodboldspilllere.\u00a0 Endelig fik vi\u00a0 et scanningsbillede og en efter scanningen en personligt m\u00e5lrettet behandling med dokumenteret effekt. Den intensive genopbyggende behandling hjalp p\u00e5 bare seks m\u00e5neder, suppleret af nogle andre behandlinger fra andre klinikker.<\/p>\n<p>Vores families case, endte godt. Men jeg har aldrig tabt harmen over, ikke alle er lige heldige s\u00e5 som os. Derfor nyder jeg i dag at hj\u00e6lpe REbrain Clinic\u2019s klienter retur sammen med l\u00e6ger fra hele verden.<\/p>\n<p><img decoding=\"async\" class=\"wp-image-3897 size-full alignleft\" src=\"https:\/\/rebrainclinic.com\/wp-content\/uploads\/2020\/09\/Marianne-Sandberg.jpg\" alt=\"Marianne Sandberg har 5-\u00e5rig universitetsuddannelse fra DTU og er specialiseret i bioteknologi\" width=\"453\" height=\"459\" \/><\/p>\n<p><strong>At\u00a0 pege p\u00e5 behandling kr\u00e6ver f\u00f8rst et stort videnskabeligt overblik<\/strong><br \/>\nFor at gennemskue de videnskabelige sammenh\u00e6nge og for mennesker til at blive raske, grundlagde jeg i 2014 non-profit-videnskabs-organisationen WHIPCON, som har modtaget r\u00e5dgivning af internationalt f\u00f8rende neuroscience forsker. Det g\u00f8r mig stolt.<\/p>\n<p>WHIPCON argumenterer for ny individuel behandling af hjerne-nakke-skader ved at anvende &#8216;kunstig intelligens p\u00e5 neuroscience&#8217;.<\/p>\n<p><strong>L\u00e6gerne p\u00e5 banen<\/strong><br \/>\n\u00c9t er teoretiske sammenh\u00e6nge. Et andet er at \u201df\u00e5 klinikken med, dvs den reelle diagnose og behandling af l\u00e6gerne\u201d. Klinikken er en retning, en overl\u00e6ge p\u00e5 Rigshospitalet har opfordret mig til at s\u00f8ge mod, for om muligt at mit arbejde kan komme til at indg\u00e5 i praktiske kliniske forskningssamarbejder. Som en start vil REbrain Clinic dokumentere andelen af mennesker, som kommer retur i job efter langtidssygemelding.<\/p>\n<p><strong>R\u00e5dgivning med f\u00f8rende privatklinikker i netv\u00e6rket\u00a0<\/strong><br \/>\nI\u00a0 april 2020 \u00e5bnede\u00a0 REbrain Clinic ApS for at r\u00e5dgive og lave internationale forl\u00f8b for mennesker, som oplever problemer som f\u00f8lge af hjernerystelse.\u00a0\u00a0Den st\u00f8rste udfordring er, at kun et par procent af befolkningen har r\u00e5d til privat at betale flere hundrede tusinde til l\u00e6ger, n\u00e5r de f\u00f8rst er blevet kronisk syge. Samlet budget ved vi f\u00f8rst, n\u00e5r skaderne er fundet p\u00e5 scanning.<\/p>\n<p>Ved udgangen af 2023 fejrer REbrain Clinic at vi har sendt de f\u00f8rste 5 opgivende langtidssyge retur i job med vores internationale EXTRA STEPS program. Desuden har vi hjulpet mange med \u2019ikke helt s\u00e5 slemme problemer\u2019 igennem med vores hjerne-optimerings-program HJERNESUNDHED BASIC.<\/p>\n<p>Vi giver aldrig garanti, men vi giver h\u00e5b og stor ekspertise st\u00f8ttet af dygtige l\u00e6ger. Vi skal bevise, at det kan lade sig g\u00f8re at blive rask med en bred individuel indsats. Indtil videre i Internationalt set-up.<\/p>\n<p>Marianne Sandberg<span style=\"color: #ffffff;\"> \u00a0 <\/span><\/p>\n<p><span style=\"color: #ffffff;\">\u00a0<\/span><a href=\"https:\/\/rebrainclinic.com\/dk\/om-rebrain-clinic\/\">Om REbrain Clinic<\/a><\/p>\n<\/div><div class=\"fusion-clearfix\"><\/div><\/div><\/div><\/div><\/div><div class=\"fusion-fullwidth fullwidth-box fusion-builder-row-3 add_theme_support( &#039;align-wide&#039; ); nonhundred-percent-fullwidth non-hundred-percent-height-scrolling\" style=\"--link_hover_color: #70cfef;--link_color: #70cfef;--awb-border-radius-top-left:0px;--awb-border-radius-top-right:0px;--awb-border-radius-bottom-right:0px;--awb-border-radius-bottom-left:0px;--awb-background-color:rgba(188,139,116,0);--awb-flex-wrap:wrap;\" ><div class=\"fusion-builder-row fusion-row\"><div class=\"fusion-layout-column fusion_builder_column fusion-builder-column-3 fusion_builder_column_1_1 1_1 fusion-one-full fusion-column-first fusion-column-last\" style=\"--awb-bg-size:cover;\"><div class=\"fusion-column-wrapper fusion-column-has-shadow fusion-flex-column-wrapper-legacy\"><div class=\"fusion-title title fusion-title-3 fusion-sep-none fusion-title-center fusion-title-text fusion-title-size-two\" style=\"--awb-text-color:#ffffff;--awb-margin-top:60px;--awb-margin-bottom:20px;--awb-margin-top-small:30px;\"><h2 class=\"fusion-title-heading title-heading-center fusion-responsive-typography-calculated\" style=\"margin:0;--fontSize:35;line-height:1.2;\"><h2 style=\"text-align: left;\" data-fontsize=\"26\" data-lineheight=\"35.3667px\">Marianne Sandberg &#8211; uddannelse efter relevans<\/h2><\/h2><\/div><div class=\"fusion-text fusion-text-2\"><p><strong>1990<\/strong><br \/>\nUniversitetsuddannelse: Civilingeni\u00f8r K fra DTU, Technical University of Denmark 1990. Master of science (5 \u00e5r), indenfor bioteknologi, biokemi, f\u00f8devarer, cellebiologi, biologiske processer, immunologi, human-fysiologi. Speciale og forskning indenfor anaerob cellemetabolisme (~tarmbakterier).<\/p>\n<p><strong>2017<\/strong><br \/>\nCertificeret til og eksamineret i at undervise i hjernesundhed (brain health) efter undervisningsforl\u00f8b: SPECT hjernescanning. Hjernesundhed og kost i forbindelse med mild traumatisk hjerneskade, ADHD, angst, depression og en r\u00e6kke andre mentale tilstande. Faktorer af betydning for hjernefunktion: Vitaminer, fedtstoffer, hormoner, signalstoffer m.m. Sundhedsanvisninger baseret p\u00e5 100.000+ patientunders\u00f8gelser. The Amen Clinics method (biological-psychological-social-spiritual) fasts\u00e6tter indsatsen ift. resultat af hjernescanning, anamese og laboratorietests. Best\u00e5et eksamen med min. 85% er foruds\u00e6tning for certificering og obligatorisk for alle l\u00e6ger, som underviser i brain health.<\/p>\n<p><strong>2020<\/strong><br \/>\nCertificeret Havening Techniques\u00ae Practitioner 2020, <a href=\"https:\/\/www.havening.org\/\">havening.org<\/a>. Traume-teknik opfundet af l\u00e6gen Ronald Ruden, NYC, 2013.<\/p>\n<\/div><div class=\"fusion-clearfix\"><\/div><\/div><\/div><div class=\"fusion-layout-column fusion_builder_column fusion-builder-column-4 fusion_builder_column_1_1 1_1 fusion-one-full fusion-column-first fusion-column-last\" style=\"--awb-padding-top:15px;--awb-bg-size:cover;\"><div class=\"fusion-column-wrapper fusion-column-has-shadow fusion-flex-column-wrapper-legacy\"><div class=\"fusion-title title fusion-title-4 fusion-sep-none fusion-title-center fusion-title-text fusion-title-size-two\" style=\"--awb-text-color:#ffffff;--awb-margin-top:60px;--awb-margin-bottom:20px;--awb-margin-top-small:30px;\"><h2 class=\"fusion-title-heading title-heading-center fusion-responsive-typography-calculated\" style=\"font-family:&quot;Montserrat&quot;;font-style:normal;font-weight:600;margin:0;--fontSize:35;line-height:1.2;\"><h2 style=\"text-align: left;\" data-fontsize=\"26\" data-lineheight=\"35.3667px\">Relevant erhvervserfaring, kronologisk. <a href=\"https:\/\/www.linkedin.com\/in\/marianne-sandberg-25821915\/\">LinkedIn<\/a><\/h2><\/h2><\/div><div class=\"fusion-text fusion-text-3\"><p><strong>2020-<\/strong><br \/>\nStifter REbrain Clinic ApS<\/p>\n<p><strong>2014-<\/strong><br \/>\n<a href=\"https:\/\/whipcon.org\/\">WHIPCON.org<\/a> Gennemg\u00e5et 1500 originale forsknings-artikler relateret til neuroscience, nakke og hjerneskader og associerede lidelser. S\u00f8gt midler til forskning i mild traumatisk hjerne-nakkeskade.<\/p>\n<p><strong>1995-2001<\/strong><br \/>\nNovo Nordisk. Programansvarlig for Internationalt Type 2 diabetes program. Videnskabelig information samt uddannelse for l\u00e6ger indenfor kost og anden behandling af diabetes og inflammatoriske tilstande.<\/p>\n<\/div><div class=\"fusion-clearfix\"><\/div><\/div><\/div><div class=\"fusion-layout-column fusion_builder_column fusion-builder-column-5 fusion_builder_column_1_1 1_1 fusion-one-full fusion-column-first fusion-column-last\" style=\"--awb-padding-top:15px;--awb-bg-size:cover;\"><div class=\"fusion-column-wrapper fusion-column-has-shadow fusion-flex-column-wrapper-legacy\"><div class=\"fusion-title title fusion-title-5 fusion-sep-none fusion-title-center fusion-title-text fusion-title-size-two\" style=\"--awb-text-color:#ffffff;--awb-margin-top:60px;--awb-margin-bottom:20px;--awb-margin-top-small:30px;\"><h2 class=\"fusion-title-heading title-heading-center fusion-responsive-typography-calculated\" style=\"font-family:&quot;Montserrat&quot;;font-style:normal;font-weight:600;margin:0;--fontSize:35;line-height:1.2;\"><h2 style=\"text-align: left;\" data-fontsize=\"26\" data-lineheight=\"35.3667px\">Kongresser\/faglig opdatering<\/h2>\n<h2 data-fontsize=\"26\" data-lineheight=\"35.3667px\"><\/h2><\/h2><\/div><div class=\"fusion-text fusion-text-4\"><p><strong>2019<\/strong><br \/>\nDigital Health World Congress, 2019, London.<\/p>\n<p><strong>2018<\/strong><br \/>\nSociety for Neuroscience, SFN 48th Annual Meeting, San Diego Nov 2018: International kongres.<\/p>\n<p><strong>2018<\/strong><br \/>\nILLADS Annual Conference, Chicago. Stor International konference om fl\u00e5tb\u00e5ren lidelse, hjernerystede som comorbiditet. Medlem af ILLADS. Infektioner er dog ikke del af REbrain Clinics arbejdsomr\u00e5de.<\/p>\n<p><strong>2017<\/strong><br \/>\n\u201cBrain SPECT Made Simple\u201d January 2017. International conference, Amen Clinics.<\/p>\n<p><strong>2017<\/strong><br \/>\nMy iHealth, Stockholm<\/p>\n<\/div><div class=\"fusion-clearfix\"><\/div><\/div><\/div><\/div><\/div><div class=\"fusion-fullwidth fullwidth-box fusion-builder-row-4 add_theme_support( &#039;align-wide&#039; ); nonhundred-percent-fullwidth non-hundred-percent-height-scrolling\" style=\"--link_hover_color: #70cfef;--link_color: #70cfef;--awb-border-radius-top-left:0px;--awb-border-radius-top-right:0px;--awb-border-radius-bottom-right:0px;--awb-border-radius-bottom-left:0px;--awb-background-color:rgba(188,139,116,0);--awb-flex-wrap:wrap;\" ><div class=\"fusion-builder-row fusion-row\"><div class=\"fusion-layout-column fusion_builder_column fusion-builder-column-6 fusion_builder_column_1_1 1_1 fusion-one-full fusion-column-first fusion-column-last\" style=\"--awb-bg-size:cover;\"><div class=\"fusion-column-wrapper fusion-column-has-shadow fusion-flex-column-wrapper-legacy\"><div class=\"fusion-title title fusion-title-6 fusion-sep-none fusion-title-center fusion-title-text fusion-title-size-two\" style=\"--awb-text-color:#ffffff;--awb-margin-top:60px;--awb-margin-bottom:20px;--awb-margin-top-small:30px;\"><h2 class=\"fusion-title-heading title-heading-center fusion-responsive-typography-calculated\" style=\"font-family:&quot;Montserrat&quot;;font-style:normal;font-weight:600;margin:0;--fontSize:35;line-height:1.2;\"><h2 style=\"text-align: left;\" data-fontsize=\"22\" data-lineheight=\"30.8px\">Relevant forskning (peer reviewed publications)<\/h2>\n<h2 data-fontsize=\"26\" data-lineheight=\"35.3667px\"><\/h2><\/h2><\/div><div class=\"fusion-text fusion-text-5\"><p>Ahring, B.K., Sandberg, M. &amp; Angelidaki, I. Volatile fatty acids as indicators of process imbalance in anaerobic digestors. Appl Microbiol Biotechnol 43, 559\u2013565 (1995). <a href=\"https:\/\/link.springer.com\/article\/10.1007\/BF00218466\">https:\/\/doi.org\/10.1007\/BF00218466 400+ citeringer<\/a><\/p>\n<p>Sandberg, M., Ahring, B.K. Anaerobic treatment of fish meal process waste-water in a UASB reactor at high pH. Appl Microbiol Biotechnol 36, 800\u2013804 (1992). <a href=\"https:\/\/link.springer.com\/article\/10.1007%2FBF00172198\">https:\/\/doi.org\/10.1007\/BF00172198<\/a><\/p>\n<h5 class=\"fusion-responsive-typography-calculated\" style=\"--fontsize: 22; line-height: 1.4; --minfontsize: 22;\" data-fontsize=\"22\" data-lineheight=\"30.8px\">Kommentar:<\/h5>\n<p>Fors\u00f8gene bag begge artikler er verdens f\u00f8rste dokumentation af biomark\u00f8rer for netop de mikrobiologiske processer, som ogs\u00e5 foreg\u00e5r i en mennesketarm (anaerobe). 30 \u00e5r gamle videnskabelige unders\u00f8gelser med stor betydning for forst\u00e5else af tarmfunktionen. REbrain Clinic arbejder ud fra at st\u00f8tte hjernen via tarmen og kosten. Se <a href=\"https:\/\/rebrainclinic.com\/dk\/hjernerigtig-kost-tarm-vagus\/\">BASIC HJERNESUNDHED<br \/>\n<\/a><\/p>\n<\/div><div class=\"fusion-clearfix\"><\/div><\/div><\/div><\/div><\/div>\n","protected":false},"excerpt":{"rendered":"","protected":false},"author":3,"featured_media":0,"parent":0,"menu_order":0,"comment_status":"closed","ping_status":"closed","template":"100-width.php","meta":{"footnotes":""},"yoast_head":"<!-- This site is optimized with the Yoast SEO plugin v21.9.1 - https:\/\/yoast.com\/wordpress\/plugins\/seo\/ -->\n<title>Om stifter Marianne Sandberg - REbrain Clinic<\/title>\n<meta name=\"description\" content=\"Marianne Sandberg er civiingeni\u00f8r, biotech og tidligere forsker i tarmbakterier, nu i hjernevidenskabs-litteratur mens kllienter hj\u00e6lpes hos l\u00e6gelige samarbejdspartnere\" \/>\n<meta name=\"robots\" content=\"index, follow, max-snippet:-1, max-image-preview:large, max-video-preview:-1\" \/>\n<link rel=\"canonical\" href=\"https:\/\/rebrainclinic.com\/dk\/om-stifter\/\" \/>\n<meta property=\"og:locale\" content=\"da_DK\" \/>\n<meta property=\"og:type\" content=\"article\" \/>\n<meta property=\"og:title\" content=\"Om stifter Marianne Sandberg - REbrain Clinic\" \/>\n<meta property=\"og:description\" content=\"Marianne Sandberg er civiingeni\u00f8r, biotech og tidligere forsker i tarmbakterier, nu i hjernevidenskabs-litteratur mens kllienter hj\u00e6lpes hos l\u00e6gelige samarbejdspartnere\" \/>\n<meta property=\"og:url\" content=\"https:\/\/rebrainclinic.com\/dk\/om-stifter\/\" \/>\n<meta property=\"og:site_name\" content=\"REbrain Clinic\" \/>\n<meta property=\"article:modified_time\" content=\"2024-01-26T11:29:54+00:00\" \/>\n<meta property=\"og:image\" content=\"https:\/\/rebrainclinic.com\/wp-content\/uploads\/2020\/06\/Stifter-Marianne-Sandberg-1.jpg\" \/>\n<meta name=\"twitter:card\" content=\"summary_large_image\" \/>\n<meta name=\"twitter:label1\" content=\"Estimeret l\u00e6setid\" \/>\n\t<meta name=\"twitter:data1\" content=\"6 minutter\" \/>\n<script type=\"application\/ld+json\" class=\"yoast-schema-graph\">{\"@context\":\"https:\/\/schema.org\",\"@graph\":[{\"@type\":\"WebPage\",\"@id\":\"https:\/\/rebrainclinic.com\/dk\/om-stifter\/\",\"url\":\"https:\/\/rebrainclinic.com\/dk\/om-stifter\/\",\"name\":\"Om stifter Marianne Sandberg - REbrain Clinic\",\"isPartOf\":{\"@id\":\"https:\/\/rebrainclinic.com\/dk\/#website\"},\"datePublished\":\"2020-05-08T17:32:15+00:00\",\"dateModified\":\"2024-01-26T11:29:54+00:00\",\"description\":\"Marianne Sandberg er civiingeni\u00f8r, biotech og tidligere forsker i tarmbakterier, nu i hjernevidenskabs-litteratur mens kllienter hj\u00e6lpes hos l\u00e6gelige samarbejdspartnere\",\"breadcrumb\":{\"@id\":\"https:\/\/rebrainclinic.com\/dk\/om-stifter\/#breadcrumb\"},\"inLanguage\":\"da-DK\",\"potentialAction\":[{\"@type\":\"ReadAction\",\"target\":[\"https:\/\/rebrainclinic.com\/dk\/om-stifter\/\"]}]},{\"@type\":\"BreadcrumbList\",\"@id\":\"https:\/\/rebrainclinic.com\/dk\/om-stifter\/#breadcrumb\",\"itemListElement\":[{\"@type\":\"ListItem\",\"position\":1,\"name\":\"Home\",\"item\":\"https:\/\/rebrainclinic.com\/dk\/\"},{\"@type\":\"ListItem\",\"position\":2,\"name\":\"Om stifter\"}]},{\"@type\":\"WebSite\",\"@id\":\"https:\/\/rebrainclinic.com\/dk\/#website\",\"url\":\"https:\/\/rebrainclinic.com\/dk\/\",\"name\":\"REbrain Clinic\",\"description\":\"\",\"potentialAction\":[{\"@type\":\"SearchAction\",\"target\":{\"@type\":\"EntryPoint\",\"urlTemplate\":\"https:\/\/rebrainclinic.com\/dk\/?s={search_term_string}\"},\"query-input\":\"required name=search_term_string\"}],\"inLanguage\":\"da-DK\"}]}<\/script>\n<!-- \/ Yoast SEO plugin. -->","yoast_head_json":{"title":"Om stifter Marianne Sandberg - REbrain Clinic","description":"Marianne Sandberg er civiingeni\u00f8r, biotech og tidligere forsker i tarmbakterier, nu i hjernevidenskabs-litteratur mens kllienter hj\u00e6lpes hos l\u00e6gelige samarbejdspartnere","robots":{"index":"index","follow":"follow","max-snippet":"max-snippet:-1","max-image-preview":"max-image-preview:large","max-video-preview":"max-video-preview:-1"},"canonical":"https:\/\/rebrainclinic.com\/dk\/om-stifter\/","og_locale":"da_DK","og_type":"article","og_title":"Om stifter Marianne Sandberg - REbrain Clinic","og_description":"Marianne Sandberg er civiingeni\u00f8r, biotech og tidligere forsker i tarmbakterier, nu i hjernevidenskabs-litteratur mens kllienter hj\u00e6lpes hos l\u00e6gelige samarbejdspartnere","og_url":"https:\/\/rebrainclinic.com\/dk\/om-stifter\/","og_site_name":"REbrain Clinic","article_modified_time":"2024-01-26T11:29:54+00:00","og_image":[{"url":"https:\/\/rebrainclinic.com\/wp-content\/uploads\/2020\/06\/Stifter-Marianne-Sandberg-1.jpg"}],"twitter_card":"summary_large_image","twitter_misc":{"Estimeret l\u00e6setid":"6 minutter"},"schema":{"@context":"https:\/\/schema.org","@graph":[{"@type":"WebPage","@id":"https:\/\/rebrainclinic.com\/dk\/om-stifter\/","url":"https:\/\/rebrainclinic.com\/dk\/om-stifter\/","name":"Om stifter Marianne Sandberg - REbrain Clinic","isPartOf":{"@id":"https:\/\/rebrainclinic.com\/dk\/#website"},"datePublished":"2020-05-08T17:32:15+00:00","dateModified":"2024-01-26T11:29:54+00:00","description":"Marianne Sandberg er civiingeni\u00f8r, biotech og tidligere forsker i tarmbakterier, nu i hjernevidenskabs-litteratur mens kllienter hj\u00e6lpes hos l\u00e6gelige samarbejdspartnere","breadcrumb":{"@id":"https:\/\/rebrainclinic.com\/dk\/om-stifter\/#breadcrumb"},"inLanguage":"da-DK","potentialAction":[{"@type":"ReadAction","target":["https:\/\/rebrainclinic.com\/dk\/om-stifter\/"]}]},{"@type":"BreadcrumbList","@id":"https:\/\/rebrainclinic.com\/dk\/om-stifter\/#breadcrumb","itemListElement":[{"@type":"ListItem","position":1,"name":"Home","item":"https:\/\/rebrainclinic.com\/dk\/"},{"@type":"ListItem","position":2,"name":"Om stifter"}]},{"@type":"WebSite","@id":"https:\/\/rebrainclinic.com\/dk\/#website","url":"https:\/\/rebrainclinic.com\/dk\/","name":"REbrain Clinic","description":"","potentialAction":[{"@type":"SearchAction","target":{"@type":"EntryPoint","urlTemplate":"https:\/\/rebrainclinic.com\/dk\/?s={search_term_string}"},"query-input":"required name=search_term_string"}],"inLanguage":"da-DK"}]}},"_links":{"self":[{"href":"https:\/\/rebrainclinic.com\/dk\/wp-json\/wp\/v2\/pages\/1361"}],"collection":[{"href":"https:\/\/rebrainclinic.com\/dk\/wp-json\/wp\/v2\/pages"}],"about":[{"href":"https:\/\/rebrainclinic.com\/dk\/wp-json\/wp\/v2\/types\/page"}],"author":[{"embeddable":true,"href":"https:\/\/rebrainclinic.com\/dk\/wp-json\/wp\/v2\/users\/3"}],"replies":[{"embeddable":true,"href":"https:\/\/rebrainclinic.com\/dk\/wp-json\/wp\/v2\/comments?post=1361"}],"version-history":[{"count":12,"href":"https:\/\/rebrainclinic.com\/dk\/wp-json\/wp\/v2\/pages\/1361\/revisions"}],"predecessor-version":[{"id":5388,"href":"https:\/\/rebrainclinic.com\/dk\/wp-json\/wp\/v2\/pages\/1361\/revisions\/5388"}],"wp:attachment":[{"href":"https:\/\/rebrainclinic.com\/dk\/wp-json\/wp\/v2\/media?parent=1361"}],"curies":[{"name":"wp","href":"https:\/\/api.w.org\/{rel}","templated":true}]}}